{"id":379388,"date":"2025-09-05T19:29:38","date_gmt":"2025-09-05T17:29:38","guid":{"rendered":"https:\/\/www.atta45.se\/e-butik\/produkt\/flaska-enkelvagg-med-atervunnet-rostfritt-stal-med-enkelvaggar-750-ml-emeric\/"},"modified":"2025-10-27T21:27:35","modified_gmt":"2025-10-27T20:27:35","slug":"flaska-enkelvagg-med-atervunnet-rostfritt-stal-med-enkelvaggar-750-ml-emeric","status":"publish","type":"product","link":"https:\/\/www.atta45.se\/e-butik\/produkt\/flaska-enkelvagg-med-atervunnet-rostfritt-stal-med-enkelvaggar-750-ml-emeric\/","title":{"rendered":"Flaska enkelv\u00e4gg med \u00e5tervunnet rostfritt st\u00e5l med enkelv\u00e4ggar (750 ml) Emeric"},"content":{"rendered":"<p>\u00c5tervunnen flaska med enkelv\u00e4ggar i rostfritt st\u00e5l med en kapacitet p\u00e5 750 ml, PP-lock och karbinhake i silverf\u00e4rgad aluminium. Har en \u00e5tervunnen graverad logotyp p\u00e5 framsidan.<\/p>\n","protected":false},"excerpt":{"rendered":"<p>\u00c5tervunnen flaska med enkelv\u00e4ggar i rostfritt st\u00e5l med en kapacitet p\u00e5 750 ml, PP-lock och karbinhake i silverf\u00e4rgad aluminium. Har en \u00e5tervunnen graverad logotyp p\u00e5 framsidan.<\/p>\n","protected":false},"featured_media":379389,"template":"","meta":{"_acf_changed":false,"_seopress_robots_primary_cat":"","_seopress_titles_title":"","_seopress_titles_desc":"","_seopress_robots_index":""},"product_brand":[],"product_cat":[15],"product_tag":[],"class_list":{"0":"post-379388","1":"product","2":"type-product","3":"status-publish","4":"has-post-thumbnail","6":"product_cat-okategoriserad","7":"atta45_taxonomy-flaskor-sv","8":"atta45_taxonomy-tema-inspiration-utvalda-produkter-nyheter-sv","9":"atta45_taxonomy-nyheter-sv","10":"atta45_taxonomy-fritid-vattenflaskor-sv","12":"first","13":"instock","14":"taxable","15":"shipping-taxable","16":"purchasable","17":"product-type-variable"},"acf":[],"_links":{"self":[{"href":"https:\/\/www.atta45.se\/e-butik\/wp-json\/wp\/v2\/product\/379388","targetHints":{"allow":["GET"]}}],"collection":[{"href":"https:\/\/www.atta45.se\/e-butik\/wp-json\/wp\/v2\/product"}],"about":[{"href":"https:\/\/www.atta45.se\/e-butik\/wp-json\/wp\/v2\/types\/product"}],"wp:featuredmedia":[{"embeddable":true,"href":"https:\/\/www.atta45.se\/e-butik\/wp-json\/wp\/v2\/media\/379389"}],"wp:attachment":[{"href":"https:\/\/www.atta45.se\/e-butik\/wp-json\/wp\/v2\/media?parent=379388"}],"wp:term":[{"taxonomy":"product_brand","embeddable":true,"href":"https:\/\/www.atta45.se\/e-butik\/wp-json\/wp\/v2\/product_brand?post=379388"},{"taxonomy":"product_cat","embeddable":true,"href":"https:\/\/www.atta45.se\/e-butik\/wp-json\/wp\/v2\/product_cat?post=379388"},{"taxonomy":"product_tag","embeddable":true,"href":"https:\/\/www.atta45.se\/e-butik\/wp-json\/wp\/v2\/product_tag?post=379388"}],"curies":[{"name":"wp","href":"https:\/\/api.w.org\/{rel}","templated":true}]}}