{"id":379356,"date":"2025-09-05T19:24:40","date_gmt":"2025-09-05T17:24:40","guid":{"rendered":"https:\/\/www.atta45.se\/e-butik\/produkt\/flaska-med-dubbla-vaggar-av-atervunnet-rostfritt-stal-500-ml-lysandra\/"},"modified":"2025-10-27T21:27:22","modified_gmt":"2025-10-27T20:27:22","slug":"flaska-med-dubbla-vaggar-av-atervunnet-rostfritt-stal-500-ml-lysandra","status":"publish","type":"product","link":"https:\/\/www.atta45.se\/e-butik\/produkt\/flaska-med-dubbla-vaggar-av-atervunnet-rostfritt-stal-500-ml-lysandra\/","title":{"rendered":"Flaska med dubbla v\u00e4ggar av \u00e5tervunnet rostfritt st\u00e5l (500 ml) Lysandra"},"content":{"rendered":"<p>Dubbelv\u00e4ggig flaska i \u00e5tervunnet rostfritt st\u00e5l med en kapacitet p\u00e5 500 ml, PP-lock och karbinhake i aluminium. H\u00e5ller drycker varma i 8 timmar och kalla i 12 timmar. Flaskan har en matt finish (f\u00f6rutom silver) och en logotyp med \u00e5tervunnen laser. Individuellt f\u00f6rpackade i en brun kartong<\/p>\n","protected":false},"excerpt":{"rendered":"<p>Dubbelv\u00e4ggig flaska i \u00e5tervunnet rostfritt st\u00e5l med en kapacitet p\u00e5 500 ml, PP-lock och karbinhake i aluminium. H\u00e5ller drycker varma i 8 timmar och kalla i 12 timmar. Flaskan har en matt finish (f\u00f6rutom silver) och en logotyp med \u00e5tervunnen laser. Individuellt f\u00f6rpackade i en brun kartong<\/p>\n","protected":false},"featured_media":379357,"template":"","meta":{"_acf_changed":false,"_seopress_robots_primary_cat":"","_seopress_titles_title":"","_seopress_titles_desc":"","_seopress_robots_index":""},"product_brand":[],"product_cat":[15],"product_tag":[],"class_list":{"0":"post-379356","1":"product","2":"type-product","3":"status-publish","4":"has-post-thumbnail","6":"product_cat-okategoriserad","7":"atta45_taxonomy-flaskor-sv","8":"atta45_taxonomy-nyheter-sv","9":"atta45_taxonomy-tema-inspiration-utvalda-produkter-nyheter-sv","10":"atta45_taxonomy-fritid-vattenflaskor-sv","12":"first","13":"instock","14":"taxable","15":"shipping-taxable","16":"purchasable","17":"product-type-variable"},"acf":[],"_links":{"self":[{"href":"https:\/\/www.atta45.se\/e-butik\/wp-json\/wp\/v2\/product\/379356","targetHints":{"allow":["GET"]}}],"collection":[{"href":"https:\/\/www.atta45.se\/e-butik\/wp-json\/wp\/v2\/product"}],"about":[{"href":"https:\/\/www.atta45.se\/e-butik\/wp-json\/wp\/v2\/types\/product"}],"wp:featuredmedia":[{"embeddable":true,"href":"https:\/\/www.atta45.se\/e-butik\/wp-json\/wp\/v2\/media\/379357"}],"wp:attachment":[{"href":"https:\/\/www.atta45.se\/e-butik\/wp-json\/wp\/v2\/media?parent=379356"}],"wp:term":[{"taxonomy":"product_brand","embeddable":true,"href":"https:\/\/www.atta45.se\/e-butik\/wp-json\/wp\/v2\/product_brand?post=379356"},{"taxonomy":"product_cat","embeddable":true,"href":"https:\/\/www.atta45.se\/e-butik\/wp-json\/wp\/v2\/product_cat?post=379356"},{"taxonomy":"product_tag","embeddable":true,"href":"https:\/\/www.atta45.se\/e-butik\/wp-json\/wp\/v2\/product_tag?post=379356"}],"curies":[{"name":"wp","href":"https:\/\/api.w.org\/{rel}","templated":true}]}}