{"id":379302,"date":"2025-09-05T19:15:14","date_gmt":"2025-09-05T17:15:14","guid":{"rendered":"https:\/\/www.atta45.se\/e-butik\/produkt\/lunchbox-i-pp-ondine\/"},"modified":"2025-10-27T21:26:55","modified_gmt":"2025-10-27T20:26:55","slug":"lunchbox-i-pp-ondine","status":"publish","type":"product","link":"https:\/\/www.atta45.se\/e-butik\/produkt\/lunchbox-i-pp-ondine\/","title":{"rendered":"Lunchbox i PP Ondine"},"content":{"rendered":"<p>PP-matl\u00e5da med 800 ml kapacitet. Har en silikonventil l\u00e4mplig f\u00f6r mikrov\u00e5gsugn och sp\u00e4nnef\u00f6rslutning. F\u00f6rpackad i bulk.<\/p>\n","protected":false},"excerpt":{"rendered":"<p>PP-matl\u00e5da med 800 ml kapacitet. Har en silikonventil l\u00e4mplig f\u00f6r mikrov\u00e5gsugn och sp\u00e4nnef\u00f6rslutning. F\u00f6rpackad i bulk.<\/p>\n","protected":false},"featured_media":379303,"template":"","meta":{"_acf_changed":false,"_seopress_robots_primary_cat":"","_seopress_titles_title":"","_seopress_titles_desc":"","_seopress_robots_index":""},"product_brand":[],"product_cat":[15],"product_tag":[],"class_list":{"0":"post-379302","1":"product","2":"type-product","3":"status-publish","4":"has-post-thumbnail","6":"product_cat-okategoriserad","7":"atta45_taxonomy-hem-hushall-lunchlada-sv","8":"atta45_taxonomy-nyheter-sv","9":"atta45_taxonomy-tema-inspiration-utvalda-produkter-nyheter-sv","11":"first","12":"instock","13":"taxable","14":"shipping-taxable","15":"purchasable","16":"product-type-variable"},"acf":[],"_links":{"self":[{"href":"https:\/\/www.atta45.se\/e-butik\/wp-json\/wp\/v2\/product\/379302","targetHints":{"allow":["GET"]}}],"collection":[{"href":"https:\/\/www.atta45.se\/e-butik\/wp-json\/wp\/v2\/product"}],"about":[{"href":"https:\/\/www.atta45.se\/e-butik\/wp-json\/wp\/v2\/types\/product"}],"wp:featuredmedia":[{"embeddable":true,"href":"https:\/\/www.atta45.se\/e-butik\/wp-json\/wp\/v2\/media\/379303"}],"wp:attachment":[{"href":"https:\/\/www.atta45.se\/e-butik\/wp-json\/wp\/v2\/media?parent=379302"}],"wp:term":[{"taxonomy":"product_brand","embeddable":true,"href":"https:\/\/www.atta45.se\/e-butik\/wp-json\/wp\/v2\/product_brand?post=379302"},{"taxonomy":"product_cat","embeddable":true,"href":"https:\/\/www.atta45.se\/e-butik\/wp-json\/wp\/v2\/product_cat?post=379302"},{"taxonomy":"product_tag","embeddable":true,"href":"https:\/\/www.atta45.se\/e-butik\/wp-json\/wp\/v2\/product_tag?post=379302"}],"curies":[{"name":"wp","href":"https:\/\/api.w.org\/{rel}","templated":true}]}}