{"id":379274,"date":"2025-09-05T19:10:15","date_gmt":"2025-09-05T17:10:15","guid":{"rendered":"https:\/\/www.atta45.se\/e-butik\/produkt\/lunchbox-i-pp-selwyn\/"},"modified":"2025-10-27T21:26:41","modified_gmt":"2025-10-27T20:26:41","slug":"lunchbox-i-pp-selwyn","status":"publish","type":"product","link":"https:\/\/www.atta45.se\/e-butik\/produkt\/lunchbox-i-pp-selwyn\/","title":{"rendered":"Lunchbox i PP Selwyn"},"content":{"rendered":"<p>PP-matl\u00e5da med en total kapacitet p\u00e5 1600 ml, uppdelad i tv\u00e5 lager p\u00e5 800 ml. Har en silikonventil l\u00e4mplig f\u00f6r mikrov\u00e5gsugn, sp\u00e4nnef\u00f6rslutning och ett silikonb\u00e4rhandtag. F\u00f6rpackad i bulk.<\/p>\n","protected":false},"excerpt":{"rendered":"<p>PP-matl\u00e5da med en total kapacitet p\u00e5 1600 ml, uppdelad i tv\u00e5 lager p\u00e5 800 ml. Har en silikonventil l\u00e4mplig f\u00f6r mikrov\u00e5gsugn, sp\u00e4nnef\u00f6rslutning och ett silikonb\u00e4rhandtag. F\u00f6rpackad i bulk.<\/p>\n","protected":false},"featured_media":379275,"template":"","meta":{"_acf_changed":false,"_seopress_robots_primary_cat":"","_seopress_titles_title":"","_seopress_titles_desc":"","_seopress_robots_index":""},"product_brand":[],"product_cat":[15],"product_tag":[],"class_list":{"0":"post-379274","1":"product","2":"type-product","3":"status-publish","4":"has-post-thumbnail","6":"product_cat-okategoriserad","7":"atta45_taxonomy-hem-hushall-koksartiklar-sv","8":"atta45_taxonomy-hem-hushall-lunchlada-sv","9":"atta45_taxonomy-nyheter-sv","10":"atta45_taxonomy-tema-inspiration-utvalda-produkter-nyheter-sv","12":"first","13":"instock","14":"taxable","15":"shipping-taxable","16":"purchasable","17":"product-type-variable"},"acf":[],"_links":{"self":[{"href":"https:\/\/www.atta45.se\/e-butik\/wp-json\/wp\/v2\/product\/379274","targetHints":{"allow":["GET"]}}],"collection":[{"href":"https:\/\/www.atta45.se\/e-butik\/wp-json\/wp\/v2\/product"}],"about":[{"href":"https:\/\/www.atta45.se\/e-butik\/wp-json\/wp\/v2\/types\/product"}],"wp:featuredmedia":[{"embeddable":true,"href":"https:\/\/www.atta45.se\/e-butik\/wp-json\/wp\/v2\/media\/379275"}],"wp:attachment":[{"href":"https:\/\/www.atta45.se\/e-butik\/wp-json\/wp\/v2\/media?parent=379274"}],"wp:term":[{"taxonomy":"product_brand","embeddable":true,"href":"https:\/\/www.atta45.se\/e-butik\/wp-json\/wp\/v2\/product_brand?post=379274"},{"taxonomy":"product_cat","embeddable":true,"href":"https:\/\/www.atta45.se\/e-butik\/wp-json\/wp\/v2\/product_cat?post=379274"},{"taxonomy":"product_tag","embeddable":true,"href":"https:\/\/www.atta45.se\/e-butik\/wp-json\/wp\/v2\/product_tag?post=379274"}],"curies":[{"name":"wp","href":"https:\/\/api.w.org\/{rel}","templated":true}]}}