{"id":379214,"date":"2025-09-05T19:02:16","date_gmt":"2025-09-05T17:02:16","guid":{"rendered":"https:\/\/www.atta45.se\/e-butik\/produkt\/festivalarmband-i-rpet-300d-tarian\/"},"modified":"2025-10-27T21:26:10","modified_gmt":"2025-10-27T20:26:10","slug":"festivalarmband-i-rpet-300d-tarian","status":"publish","type":"product","link":"https:\/\/www.atta45.se\/e-butik\/produkt\/festivalarmband-i-rpet-300d-tarian\/","title":{"rendered":"Festivalarmband i rPET (300D) Tarian"},"content":{"rendered":"<p>Festivalarmband av rPET 300D med l\u00e5s av bambu. M\u00e4ter 34 cm l\u00e4ngd och 1,5 cm bredd.<\/p>\n","protected":false},"excerpt":{"rendered":"<p>Festivalarmband av rPET 300D med l\u00e5s av bambu. M\u00e4ter 34 cm l\u00e4ngd och 1,5 cm bredd.<\/p>\n","protected":false},"featured_media":379215,"template":"","meta":{"_acf_changed":false,"_seopress_robots_primary_cat":"","_seopress_titles_title":"","_seopress_titles_desc":"","_seopress_robots_index":""},"product_brand":[],"product_cat":[15],"product_tag":[],"class_list":{"0":"post-379214","1":"product","2":"type-product","3":"status-publish","4":"has-post-thumbnail","6":"product_cat-okategoriserad","7":"atta45_taxonomy-fritid-sv","8":"atta45_taxonomy-tema-inspiration-utvalda-produkter-nyheter-sv","9":"atta45_taxonomy-nyheter-sv","10":"atta45_taxonomy-fritid-sportartiklar-sv","11":"atta45_taxonomy-fritid-uppblasbart-strandartiklar-sv","13":"first","14":"instock","15":"taxable","16":"shipping-taxable","17":"purchasable","18":"product-type-variable"},"acf":[],"_links":{"self":[{"href":"https:\/\/www.atta45.se\/e-butik\/wp-json\/wp\/v2\/product\/379214","targetHints":{"allow":["GET"]}}],"collection":[{"href":"https:\/\/www.atta45.se\/e-butik\/wp-json\/wp\/v2\/product"}],"about":[{"href":"https:\/\/www.atta45.se\/e-butik\/wp-json\/wp\/v2\/types\/product"}],"wp:featuredmedia":[{"embeddable":true,"href":"https:\/\/www.atta45.se\/e-butik\/wp-json\/wp\/v2\/media\/379215"}],"wp:attachment":[{"href":"https:\/\/www.atta45.se\/e-butik\/wp-json\/wp\/v2\/media?parent=379214"}],"wp:term":[{"taxonomy":"product_brand","embeddable":true,"href":"https:\/\/www.atta45.se\/e-butik\/wp-json\/wp\/v2\/product_brand?post=379214"},{"taxonomy":"product_cat","embeddable":true,"href":"https:\/\/www.atta45.se\/e-butik\/wp-json\/wp\/v2\/product_cat?post=379214"},{"taxonomy":"product_tag","embeddable":true,"href":"https:\/\/www.atta45.se\/e-butik\/wp-json\/wp\/v2\/product_tag?post=379214"}],"curies":[{"name":"wp","href":"https:\/\/api.w.org\/{rel}","templated":true}]}}