{"id":379170,"date":"2025-09-05T18:57:16","date_gmt":"2025-09-05T16:57:16","guid":{"rendered":"https:\/\/www.atta45.se\/e-butik\/produkt\/flygande-drake-i-polyester-210t-lirien\/"},"modified":"2025-10-27T21:25:57","modified_gmt":"2025-10-27T20:25:57","slug":"flygande-drake-i-polyester-210t-lirien","status":"publish","type":"product","link":"https:\/\/www.atta45.se\/e-butik\/produkt\/flygande-drake-i-polyester-210t-lirien\/","title":{"rendered":"Flygande drake i polyester (210T) Lirien"},"content":{"rendered":"<p>Polyester 210T ripstop delta kite med en bredd p\u00e5 160 cm och inkluderar tv\u00e5 plasthandtag. Den \u00e4r f\u00f6rpackad individuellt i en p\u00e5se med en justerbar b\u00e4rrem.<\/p>\n","protected":false},"excerpt":{"rendered":"<p>Polyester 210T ripstop delta kite med en bredd p\u00e5 160 cm och inkluderar tv\u00e5 plasthandtag. Den \u00e4r f\u00f6rpackad individuellt i en p\u00e5se med en justerbar b\u00e4rrem.<\/p>\n","protected":false},"featured_media":379171,"template":"","meta":{"_acf_changed":false,"_seopress_robots_primary_cat":"","_seopress_titles_title":"","_seopress_titles_desc":"","_seopress_robots_index":""},"product_brand":[],"product_cat":[15],"product_tag":[],"class_list":{"0":"post-379170","1":"product","2":"type-product","3":"status-publish","4":"has-post-thumbnail","6":"product_cat-okategoriserad","7":"atta45_taxonomy-fritid-sv","8":"atta45_taxonomy-tema-inspiration-utvalda-produkter-nyheter-sv","9":"atta45_taxonomy-nyheter-sv","10":"atta45_taxonomy-fritid-sportartiklar-sv","11":"atta45_taxonomy-fritid-uppblasbart-strandartiklar-sv","13":"first","14":"instock","15":"taxable","16":"shipping-taxable","17":"purchasable","18":"product-type-variable"},"acf":[],"_links":{"self":[{"href":"https:\/\/www.atta45.se\/e-butik\/wp-json\/wp\/v2\/product\/379170","targetHints":{"allow":["GET"]}}],"collection":[{"href":"https:\/\/www.atta45.se\/e-butik\/wp-json\/wp\/v2\/product"}],"about":[{"href":"https:\/\/www.atta45.se\/e-butik\/wp-json\/wp\/v2\/types\/product"}],"wp:featuredmedia":[{"embeddable":true,"href":"https:\/\/www.atta45.se\/e-butik\/wp-json\/wp\/v2\/media\/379171"}],"wp:attachment":[{"href":"https:\/\/www.atta45.se\/e-butik\/wp-json\/wp\/v2\/media?parent=379170"}],"wp:term":[{"taxonomy":"product_brand","embeddable":true,"href":"https:\/\/www.atta45.se\/e-butik\/wp-json\/wp\/v2\/product_brand?post=379170"},{"taxonomy":"product_cat","embeddable":true,"href":"https:\/\/www.atta45.se\/e-butik\/wp-json\/wp\/v2\/product_cat?post=379170"},{"taxonomy":"product_tag","embeddable":true,"href":"https:\/\/www.atta45.se\/e-butik\/wp-json\/wp\/v2\/product_tag?post=379170"}],"curies":[{"name":"wp","href":"https:\/\/api.w.org\/{rel}","templated":true}]}}