{"id":379134,"date":"2025-09-05T18:53:14","date_gmt":"2025-09-05T16:53:14","guid":{"rendered":"https:\/\/www.atta45.se\/e-butik\/produkt\/elektrisk-mjolkskummare-i-abs-peregrine\/"},"modified":"2025-10-27T21:25:43","modified_gmt":"2025-10-27T20:25:43","slug":"elektrisk-mjolkskummare-i-abs-peregrine","status":"publish","type":"product","link":"https:\/\/www.atta45.se\/e-butik\/produkt\/elektrisk-mjolkskummare-i-abs-peregrine\/","title":{"rendered":"Elektrisk mj\u00f6lkskummare i ABS Peregrine"},"content":{"rendered":"<p>ABS elektrisk skummare med ett verktyg i rostfritt st\u00e5l, ett 500 mAh batteri och en Type-C laddningskabel (uppladdningsbar). Fungerar med en rotationshastighet p\u00e5 10 000 rpm, l\u00e4mplig f\u00f6r att skumma mj\u00f6lk eller protein. Individuellt f\u00f6rpackad i brun kartong.<\/p>\n","protected":false},"excerpt":{"rendered":"<p>ABS elektrisk skummare med ett verktyg i rostfritt st\u00e5l, ett 500 mAh batteri och en Type-C laddningskabel (uppladdningsbar). Fungerar med en rotationshastighet p\u00e5 10 000 rpm, l\u00e4mplig f\u00f6r att skumma mj\u00f6lk eller protein. Individuellt f\u00f6rpackad i brun kartong.<\/p>\n","protected":false},"featured_media":379135,"template":"","meta":{"_acf_changed":false,"_seopress_robots_primary_cat":"","_seopress_titles_title":"","_seopress_titles_desc":"","_seopress_robots_index":""},"product_brand":[],"product_cat":[15],"product_tag":[],"class_list":{"0":"post-379134","1":"product","2":"type-product","3":"status-publish","4":"has-post-thumbnail","6":"product_cat-okategoriserad","7":"atta45_taxonomy-hem-hushall-koksartiklar-sv","8":"atta45_taxonomy-nyheter-sv","9":"atta45_taxonomy-tema-inspiration-utvalda-produkter-nyheter-sv","11":"first","12":"instock","13":"taxable","14":"shipping-taxable","15":"purchasable","16":"product-type-variable"},"acf":[],"_links":{"self":[{"href":"https:\/\/www.atta45.se\/e-butik\/wp-json\/wp\/v2\/product\/379134","targetHints":{"allow":["GET"]}}],"collection":[{"href":"https:\/\/www.atta45.se\/e-butik\/wp-json\/wp\/v2\/product"}],"about":[{"href":"https:\/\/www.atta45.se\/e-butik\/wp-json\/wp\/v2\/types\/product"}],"wp:featuredmedia":[{"embeddable":true,"href":"https:\/\/www.atta45.se\/e-butik\/wp-json\/wp\/v2\/media\/379135"}],"wp:attachment":[{"href":"https:\/\/www.atta45.se\/e-butik\/wp-json\/wp\/v2\/media?parent=379134"}],"wp:term":[{"taxonomy":"product_brand","embeddable":true,"href":"https:\/\/www.atta45.se\/e-butik\/wp-json\/wp\/v2\/product_brand?post=379134"},{"taxonomy":"product_cat","embeddable":true,"href":"https:\/\/www.atta45.se\/e-butik\/wp-json\/wp\/v2\/product_cat?post=379134"},{"taxonomy":"product_tag","embeddable":true,"href":"https:\/\/www.atta45.se\/e-butik\/wp-json\/wp\/v2\/product_tag?post=379134"}],"curies":[{"name":"wp","href":"https:\/\/api.w.org\/{rel}","templated":true}]}}