{"id":379078,"date":"2025-09-05T18:44:33","date_gmt":"2025-09-05T16:44:33","guid":{"rendered":"https:\/\/www.atta45.se\/e-butik\/produkt\/ishink-med-dubbla-vaggar-av-rostfritt-stal-fenwick\/"},"modified":"2025-10-27T21:25:09","modified_gmt":"2025-10-27T20:25:09","slug":"ishink-med-dubbla-vaggar-av-rostfritt-stal-fenwick","status":"publish","type":"product","link":"https:\/\/www.atta45.se\/e-butik\/produkt\/ishink-med-dubbla-vaggar-av-rostfritt-stal-fenwick\/","title":{"rendered":"Ishink med dubbla v\u00e4ggar av rostfritt st\u00e5l Fenwick"},"content":{"rendered":"<p>Dubbelv\u00e4ggig ishink i rostfritt st\u00e5l med lock i bambu och b\u00e4rhandtag i rostfritt st\u00e5l. Insidan \u00e4r gjord av rostfritt st\u00e5l 304, och exteri\u00f6ren \u00e4r rostfritt st\u00e5l 201. Inkluderar ist\u00e5ng och har en kapacitet p\u00e5 1200 ml. Individuellt f\u00f6rpackad i brun kartong.<\/p>\n","protected":false},"excerpt":{"rendered":"<p>Dubbelv\u00e4ggig ishink i rostfritt st\u00e5l med lock i bambu och b\u00e4rhandtag i rostfritt st\u00e5l. Insidan \u00e4r gjord av rostfritt st\u00e5l 304, och exteri\u00f6ren \u00e4r rostfritt st\u00e5l 201. Inkluderar ist\u00e5ng och har en kapacitet p\u00e5 1200 ml. Individuellt f\u00f6rpackad i brun kartong.<\/p>\n","protected":false},"featured_media":379079,"template":"","meta":{"_acf_changed":false,"_seopress_robots_primary_cat":"","_seopress_titles_title":"","_seopress_titles_desc":"","_seopress_robots_index":""},"product_brand":[],"product_cat":[15],"product_tag":[],"class_list":{"0":"post-379078","1":"product","2":"type-product","3":"status-publish","4":"has-post-thumbnail","6":"product_cat-okategoriserad","7":"atta45_taxonomy-hem-hushall-koksartiklar-sv","8":"atta45_taxonomy-hem-hushall-ostbrickor-sv","9":"atta45_taxonomy-hem-hushall-vintillbehor-sv","11":"first","12":"instock","13":"taxable","14":"shipping-taxable","15":"purchasable","16":"product-type-variable"},"acf":[],"_links":{"self":[{"href":"https:\/\/www.atta45.se\/e-butik\/wp-json\/wp\/v2\/product\/379078","targetHints":{"allow":["GET"]}}],"collection":[{"href":"https:\/\/www.atta45.se\/e-butik\/wp-json\/wp\/v2\/product"}],"about":[{"href":"https:\/\/www.atta45.se\/e-butik\/wp-json\/wp\/v2\/types\/product"}],"wp:featuredmedia":[{"embeddable":true,"href":"https:\/\/www.atta45.se\/e-butik\/wp-json\/wp\/v2\/media\/379079"}],"wp:attachment":[{"href":"https:\/\/www.atta45.se\/e-butik\/wp-json\/wp\/v2\/media?parent=379078"}],"wp:term":[{"taxonomy":"product_brand","embeddable":true,"href":"https:\/\/www.atta45.se\/e-butik\/wp-json\/wp\/v2\/product_brand?post=379078"},{"taxonomy":"product_cat","embeddable":true,"href":"https:\/\/www.atta45.se\/e-butik\/wp-json\/wp\/v2\/product_cat?post=379078"},{"taxonomy":"product_tag","embeddable":true,"href":"https:\/\/www.atta45.se\/e-butik\/wp-json\/wp\/v2\/product_tag?post=379078"}],"curies":[{"name":"wp","href":"https:\/\/api.w.org\/{rel}","templated":true}]}}