{"id":378990,"date":"2025-09-05T18:37:35","date_gmt":"2025-09-05T16:37:35","guid":{"rendered":"https:\/\/www.atta45.se\/e-butik\/produkt\/ryggsack-i-rpet-polyester-210d-med-dragsko-calix\/"},"modified":"2025-10-27T21:24:36","modified_gmt":"2025-10-27T20:24:36","slug":"ryggsack-i-rpet-polyester-210d-med-dragsko-calix","status":"publish","type":"product","link":"https:\/\/www.atta45.se\/e-butik\/produkt\/ryggsack-i-rpet-polyester-210d-med-dragsko-calix\/","title":{"rendered":"Ryggs\u00e4ck i rPET polyester (210D) med dragsko Enrique"},"content":{"rendered":"<p>rPET polyester 210D ryggs\u00e4ck med dragsko med tv\u00e5 svarta PU-h\u00f6rn p\u00e5 framsidan och inv\u00e4ndig s\u00f6mnad. Har en svart nylonsn\u00f6re p\u00e5 varje sida, en dragsko och ett innerfack. Storlek: 34 x 42 cm. Kapacitet: 5L. B\u00e4rkapacitet: 7 kg. Inkluderar en rPET-etikett.<\/p>\n","protected":false},"excerpt":{"rendered":"<p>rPET polyester 210D ryggs\u00e4ck med dragsko med tv\u00e5 svarta PU-h\u00f6rn p\u00e5 framsidan och inv\u00e4ndig s\u00f6mnad. Har en svart nylonsn\u00f6re p\u00e5 varje sida, en dragsko och ett innerfack. Storlek: 34 x 42 cm. Kapacitet: 5L. B\u00e4rkapacitet: 7 kg. Inkluderar en rPET-etikett.<\/p>\n","protected":false},"featured_media":378991,"template":"","meta":{"_acf_changed":false,"_seopress_robots_primary_cat":"","_seopress_titles_title":"","_seopress_titles_desc":"","_seopress_robots_index":""},"product_brand":[],"product_cat":[15],"product_tag":[],"class_list":{"0":"post-378990","1":"product","2":"type-product","3":"status-publish","4":"has-post-thumbnail","6":"product_cat-okategoriserad","7":"atta45_taxonomy-kassar-pasar-kassar-sv","8":"atta45_taxonomy-nyheter-sv","9":"atta45_taxonomy-tema-inspiration-utvalda-produkter-nyheter-sv","10":"atta45_taxonomy-vaskor-resetillbehor-ryggsackar-sv","11":"atta45_taxonomy-vaskor-resetillbehor-sport-resvaskor-sv","12":"atta45_taxonomy-textil-vaskor-bagar-sv","13":"atta45_taxonomy-vaskor-resetillbehor-sv","15":"first","16":"instock","17":"taxable","18":"shipping-taxable","19":"purchasable","20":"product-type-variable"},"acf":[],"_links":{"self":[{"href":"https:\/\/www.atta45.se\/e-butik\/wp-json\/wp\/v2\/product\/378990","targetHints":{"allow":["GET"]}}],"collection":[{"href":"https:\/\/www.atta45.se\/e-butik\/wp-json\/wp\/v2\/product"}],"about":[{"href":"https:\/\/www.atta45.se\/e-butik\/wp-json\/wp\/v2\/types\/product"}],"wp:featuredmedia":[{"embeddable":true,"href":"https:\/\/www.atta45.se\/e-butik\/wp-json\/wp\/v2\/media\/378991"}],"wp:attachment":[{"href":"https:\/\/www.atta45.se\/e-butik\/wp-json\/wp\/v2\/media?parent=378990"}],"wp:term":[{"taxonomy":"product_brand","embeddable":true,"href":"https:\/\/www.atta45.se\/e-butik\/wp-json\/wp\/v2\/product_brand?post=378990"},{"taxonomy":"product_cat","embeddable":true,"href":"https:\/\/www.atta45.se\/e-butik\/wp-json\/wp\/v2\/product_cat?post=378990"},{"taxonomy":"product_tag","embeddable":true,"href":"https:\/\/www.atta45.se\/e-butik\/wp-json\/wp\/v2\/product_tag?post=378990"}],"curies":[{"name":"wp","href":"https:\/\/api.w.org\/{rel}","templated":true}]}}