{"id":378930,"date":"2025-09-05T18:30:35","date_gmt":"2025-09-05T16:30:35","guid":{"rendered":"https:\/\/www.atta45.se\/e-butik\/produkt\/ryggsack-i-atervunnen-polybomull-330-gsm-osric\/"},"modified":"2025-10-27T21:23:44","modified_gmt":"2025-10-27T20:23:44","slug":"ryggsack-i-atervunnen-polybomull-330-gsm-osric","status":"publish","type":"product","link":"https:\/\/www.atta45.se\/e-butik\/produkt\/ryggsack-i-atervunnen-polybomull-330-gsm-osric\/","title":{"rendered":"Ryggs\u00e4ck i \u00e5tervunnen polybomull (330 gsm) Osric"},"content":{"rendered":"<p>Ryggs\u00e4ck i \u00e5tervunnen polybomull (330 gsm) med 210D polyesterfoder. Har ett stort fack med dragkedja upptill, ett fack med dragkedja i botten, ett laptopfack f\u00f6r 15-tums b\u00e4rbar dator, tv\u00e5 innerfack och ett yttre fack med dragkedja. Designen inkluderar l\u00e5nga b\u00e4rhandtag och vadderade justerbara remmar. Kapacitet: 30L. B\u00e4rkapacitet: 15 kg. Inkluderar en etikett.<\/p>\n","protected":false},"excerpt":{"rendered":"<p>Ryggs\u00e4ck i \u00e5tervunnen polybomull (330 gsm) med 210D polyesterfoder. Har ett stort fack med dragkedja upptill, ett fack med dragkedja i botten, ett laptopfack f\u00f6r 15-tums b\u00e4rbar dator, tv\u00e5 innerfack och ett yttre fack med dragkedja. Designen inkluderar l\u00e5nga b\u00e4rhandtag och vadderade justerbara remmar. Kapacitet: 30L. B\u00e4rkapacitet: 15 kg. Inkluderar en etikett.<\/p>\n","protected":false},"featured_media":378931,"template":"","meta":{"_acf_changed":false,"_seopress_robots_primary_cat":"","_seopress_titles_title":"","_seopress_titles_desc":"","_seopress_robots_index":""},"product_brand":[],"product_cat":[15],"product_tag":[],"class_list":{"0":"post-378930","1":"product","2":"type-product","3":"status-publish","4":"has-post-thumbnail","6":"product_cat-okategoriserad","7":"atta45_taxonomy-elektronik-kontor-datortillbehor-sv","8":"atta45_taxonomy-textil-kontor-foretag-sv","9":"atta45_taxonomy-vaskor-resetillbehor-laptopvaskor-sv","10":"atta45_taxonomy-tema-inspiration-utvalda-produkter-nyheter-sv","11":"atta45_taxonomy-nyheter-sv","12":"atta45_taxonomy-elektronik-kontor-portfoljer-sv","13":"atta45_taxonomy-textil-sport-performance-sv","14":"atta45_taxonomy-fritid-sportartiklar-sv","15":"atta45_taxonomy-vaskor-resetillbehor-sport-resvaskor-sv","16":"atta45_taxonomy-textil-vaskor-bagar-sv","17":"atta45_taxonomy-vaskor-resetillbehor-sv","19":"first","20":"instock","21":"taxable","22":"shipping-taxable","23":"purchasable","24":"product-type-variable"},"acf":[],"_links":{"self":[{"href":"https:\/\/www.atta45.se\/e-butik\/wp-json\/wp\/v2\/product\/378930","targetHints":{"allow":["GET"]}}],"collection":[{"href":"https:\/\/www.atta45.se\/e-butik\/wp-json\/wp\/v2\/product"}],"about":[{"href":"https:\/\/www.atta45.se\/e-butik\/wp-json\/wp\/v2\/types\/product"}],"wp:featuredmedia":[{"embeddable":true,"href":"https:\/\/www.atta45.se\/e-butik\/wp-json\/wp\/v2\/media\/378931"}],"wp:attachment":[{"href":"https:\/\/www.atta45.se\/e-butik\/wp-json\/wp\/v2\/media?parent=378930"}],"wp:term":[{"taxonomy":"product_brand","embeddable":true,"href":"https:\/\/www.atta45.se\/e-butik\/wp-json\/wp\/v2\/product_brand?post=378930"},{"taxonomy":"product_cat","embeddable":true,"href":"https:\/\/www.atta45.se\/e-butik\/wp-json\/wp\/v2\/product_cat?post=378930"},{"taxonomy":"product_tag","embeddable":true,"href":"https:\/\/www.atta45.se\/e-butik\/wp-json\/wp\/v2\/product_tag?post=378930"}],"curies":[{"name":"wp","href":"https:\/\/api.w.org\/{rel}","templated":true}]}}