{"id":378902,"date":"2025-09-05T18:26:13","date_gmt":"2025-09-05T16:26:13","guid":{"rendered":"https:\/\/www.atta45.se\/e-butik\/produkt\/ryggsack-i-atervunnen-polybomull-330-g-seraphina\/"},"modified":"2025-10-27T21:23:32","modified_gmt":"2025-10-27T20:23:32","slug":"ryggsack-i-atervunnen-polybomull-330-g-seraphina","status":"publish","type":"product","link":"https:\/\/www.atta45.se\/e-butik\/produkt\/ryggsack-i-atervunnen-polybomull-330-g-seraphina\/","title":{"rendered":"Ryggs\u00e4ck i \u00e5tervunnen polybomull (330 g) Seraphina"},"content":{"rendered":"<p>Ryggs\u00e4ck i \u00e5tervunnen polybomull (330 gsm) ryggs\u00e4ck med ett 210D polyesterfoder. Har ett stort fack med dragkedja med ett vadderat 15-tums fack f\u00f6r laptop, tv\u00e5 innerfack och tv\u00e5 yttre fack, inklusive ett sidofack och en liten framficka med dragkedja. Designen inkluderar vadderade justerbara b\u00e4rremmar och ett handtag. Kapacitet: 14L. B\u00e4rkapacitet: 13 kg. Inkluderar en etikett.<\/p>\n","protected":false},"excerpt":{"rendered":"<p>Ryggs\u00e4ck i \u00e5tervunnen polybomull (330 gsm) ryggs\u00e4ck med ett 210D polyesterfoder. Har ett stort fack med dragkedja med ett vadderat 15-tums fack f\u00f6r laptop, tv\u00e5 innerfack och tv\u00e5 yttre fack, inklusive ett sidofack och en liten framficka med dragkedja. Designen inkluderar vadderade justerbara b\u00e4rremmar och ett handtag. Kapacitet: 14L. B\u00e4rkapacitet: 13 kg. Inkluderar en etikett.<\/p>\n","protected":false},"featured_media":378903,"template":"","meta":{"_acf_changed":false,"_seopress_robots_primary_cat":"","_seopress_titles_title":"","_seopress_titles_desc":"","_seopress_robots_index":""},"product_brand":[],"product_cat":[15],"product_tag":[],"class_list":{"0":"post-378902","1":"product","2":"type-product","3":"status-publish","4":"has-post-thumbnail","6":"product_cat-okategoriserad","7":"atta45_taxonomy-elektronik-kontor-datortillbehor-sv","8":"atta45_taxonomy-kassar-pasar-kassar-sv","9":"atta45_taxonomy-textil-kontor-foretag-sv","10":"atta45_taxonomy-vaskor-resetillbehor-laptopvaskor-sv","11":"atta45_taxonomy-textil-organiskt-sv","12":"atta45_taxonomy-elektronik-kontor-portfoljer-sv","13":"atta45_taxonomy-vaskor-resetillbehor-ryggsackar-sv","14":"atta45_taxonomy-vaskor-resetillbehor-ryggsackar-axelremsvaskor-sv","15":"atta45_taxonomy-textil-vaskor-bagar-sv","16":"atta45_taxonomy-vaskor-resetillbehor-sv","18":"first","19":"instock","20":"taxable","21":"shipping-taxable","22":"purchasable","23":"product-type-variable"},"acf":[],"_links":{"self":[{"href":"https:\/\/www.atta45.se\/e-butik\/wp-json\/wp\/v2\/product\/378902","targetHints":{"allow":["GET"]}}],"collection":[{"href":"https:\/\/www.atta45.se\/e-butik\/wp-json\/wp\/v2\/product"}],"about":[{"href":"https:\/\/www.atta45.se\/e-butik\/wp-json\/wp\/v2\/types\/product"}],"wp:featuredmedia":[{"embeddable":true,"href":"https:\/\/www.atta45.se\/e-butik\/wp-json\/wp\/v2\/media\/378903"}],"wp:attachment":[{"href":"https:\/\/www.atta45.se\/e-butik\/wp-json\/wp\/v2\/media?parent=378902"}],"wp:term":[{"taxonomy":"product_brand","embeddable":true,"href":"https:\/\/www.atta45.se\/e-butik\/wp-json\/wp\/v2\/product_brand?post=378902"},{"taxonomy":"product_cat","embeddable":true,"href":"https:\/\/www.atta45.se\/e-butik\/wp-json\/wp\/v2\/product_cat?post=378902"},{"taxonomy":"product_tag","embeddable":true,"href":"https:\/\/www.atta45.se\/e-butik\/wp-json\/wp\/v2\/product_tag?post=378902"}],"curies":[{"name":"wp","href":"https:\/\/api.w.org\/{rel}","templated":true}]}}