{"id":37862,"date":"2024-12-26T18:25:21","date_gmt":"2024-12-26T17:25:21","guid":{"rendered":"https:\/\/www.atta45.se\/e-butik\/?post_type=product&#038;p=37862"},"modified":"2025-10-28T03:39:51","modified_gmt":"2025-10-28T02:39:51","slug":"bordstandar-dubbelsiden-med-tofsar","status":"publish","type":"product","link":"https:\/\/www.atta45.se\/e-butik\/produkt\/bordstandar-dubbelsiden-med-tofsar\/","title":{"rendered":"Bordsstandar dubbelsiden (med tofsar)"},"content":{"rendered":"<p>Klassikern g\u00e4llande bordstandar. Lika vanliga p\u00e5 idrottsklubbar, som p\u00e5 f\u00f6retaget.<\/p>\n","protected":false},"excerpt":{"rendered":"<p>Klassikern g\u00e4llande bordstandar. Lika vanliga p\u00e5 idrottsklubbar, som p\u00e5 f\u00f6retaget.<\/p>\n","protected":false},"featured_media":37863,"template":"","meta":{"_acf_changed":false,"_seopress_robots_primary_cat":"","_seopress_titles_title":"","_seopress_titles_desc":"","_seopress_robots_index":""},"product_brand":[],"product_cat":[15],"product_tag":[],"class_list":{"0":"post-37862","1":"product","2":"type-product","3":"status-publish","4":"has-post-thumbnail","6":"product_cat-okategoriserad","7":"atta45_taxonomy-trading-expo-event-smaflaggor-smaflaggor-sv","8":"atta45_taxonomy-expo-event-smaflaggor-smaflaggor-sv","10":"first","11":"instock","12":"taxable","13":"shipping-taxable","14":"purchasable","15":"product-type-variable"},"acf":[],"_links":{"self":[{"href":"https:\/\/www.atta45.se\/e-butik\/wp-json\/wp\/v2\/product\/37862","targetHints":{"allow":["GET"]}}],"collection":[{"href":"https:\/\/www.atta45.se\/e-butik\/wp-json\/wp\/v2\/product"}],"about":[{"href":"https:\/\/www.atta45.se\/e-butik\/wp-json\/wp\/v2\/types\/product"}],"wp:featuredmedia":[{"embeddable":true,"href":"https:\/\/www.atta45.se\/e-butik\/wp-json\/wp\/v2\/media\/37863"}],"wp:attachment":[{"href":"https:\/\/www.atta45.se\/e-butik\/wp-json\/wp\/v2\/media?parent=37862"}],"wp:term":[{"taxonomy":"product_brand","embeddable":true,"href":"https:\/\/www.atta45.se\/e-butik\/wp-json\/wp\/v2\/product_brand?post=37862"},{"taxonomy":"product_cat","embeddable":true,"href":"https:\/\/www.atta45.se\/e-butik\/wp-json\/wp\/v2\/product_cat?post=37862"},{"taxonomy":"product_tag","embeddable":true,"href":"https:\/\/www.atta45.se\/e-butik\/wp-json\/wp\/v2\/product_tag?post=37862"}],"curies":[{"name":"wp","href":"https:\/\/api.w.org\/{rel}","templated":true}]}}