{"id":37850,"date":"2024-12-26T18:25:08","date_gmt":"2024-12-26T17:25:08","guid":{"rendered":"https:\/\/www.atta45.se\/e-butik\/?post_type=product&#038;p=37850"},"modified":"2025-10-27T18:09:42","modified_gmt":"2025-10-27T17:09:42","slug":"bordsflagga-polen-stor","status":"publish","type":"product","link":"https:\/\/www.atta45.se\/e-butik\/produkt\/bordsflagga-polen-stor\/","title":{"rendered":"Bordsflagga Polen (stor)"},"content":{"rendered":"<p>Ska ni ha m\u00f6te eller event d\u00e4r det g\u00f6r intryck med nationsflaggor p\u00e5 borden, s\u00e5 har vi detta. Finns just den nu letar efter inte p\u00e5 webben, kontakta oss!<\/p>\n","protected":false},"excerpt":{"rendered":"<p>Ska ni ha m\u00f6te eller event d\u00e4r det g\u00f6r intryck med nationsflaggor p\u00e5 borden, s\u00e5 har vi detta. Finns just den nu letar efter inte p\u00e5 webben, kontakta oss!<\/p>\n","protected":false},"featured_media":37851,"template":"","meta":{"_acf_changed":false,"_seopress_robots_primary_cat":"","_seopress_titles_title":"","_seopress_titles_desc":"","_seopress_robots_index":""},"product_brand":[],"product_cat":[15],"product_tag":[],"class_list":{"0":"post-37850","1":"product","2":"type-product","3":"status-publish","4":"has-post-thumbnail","6":"product_cat-okategoriserad","7":"atta45_taxonomy-expo-event-smaflaggor-smaflaggor-sv","8":"atta45_taxonomy-tema-inspiration-varumarken-ycp-sv","10":"first","11":"instock","12":"taxable","13":"shipping-taxable","14":"purchasable","15":"product-type-variable"},"acf":[],"_links":{"self":[{"href":"https:\/\/www.atta45.se\/e-butik\/wp-json\/wp\/v2\/product\/37850","targetHints":{"allow":["GET"]}}],"collection":[{"href":"https:\/\/www.atta45.se\/e-butik\/wp-json\/wp\/v2\/product"}],"about":[{"href":"https:\/\/www.atta45.se\/e-butik\/wp-json\/wp\/v2\/types\/product"}],"wp:featuredmedia":[{"embeddable":true,"href":"https:\/\/www.atta45.se\/e-butik\/wp-json\/wp\/v2\/media\/37851"}],"wp:attachment":[{"href":"https:\/\/www.atta45.se\/e-butik\/wp-json\/wp\/v2\/media?parent=37850"}],"wp:term":[{"taxonomy":"product_brand","embeddable":true,"href":"https:\/\/www.atta45.se\/e-butik\/wp-json\/wp\/v2\/product_brand?post=37850"},{"taxonomy":"product_cat","embeddable":true,"href":"https:\/\/www.atta45.se\/e-butik\/wp-json\/wp\/v2\/product_cat?post=37850"},{"taxonomy":"product_tag","embeddable":true,"href":"https:\/\/www.atta45.se\/e-butik\/wp-json\/wp\/v2\/product_tag?post=37850"}],"curies":[{"name":"wp","href":"https:\/\/api.w.org\/{rel}","templated":true}]}}