{"id":37834,"date":"2024-12-26T18:24:55","date_gmt":"2024-12-26T17:24:55","guid":{"rendered":"https:\/\/www.atta45.se\/e-butik\/?post_type=product&#038;p=37834"},"modified":"2025-10-28T04:51:01","modified_gmt":"2025-10-28T03:51:01","slug":"skylt-dubbelsidigt-tryck","status":"publish","type":"product","link":"https:\/\/www.atta45.se\/e-butik\/produkt\/skylt-dubbelsidigt-tryck\/","title":{"rendered":"Skylt dubbelsidigt tryck"},"content":{"rendered":"<p>Den optimala skylten med m\u00e5nga anv\u00e4ndningsomr\u00e5den. <\/p>\n<p>L\u00e5g vikt och enkel att anv\u00e4nda. Tillverkad i 5 mm kanalplast. <\/p>\n<p>Tryck p\u00e5 b\u00e5da sidorna och det kan vara olika budskap om man vill. <\/p>\n<p>F\u00f6r egen storlek eller figur beg\u00e4r offert. <\/p>\n<p>Levereras 25 st plastade.<\/p>\n","protected":false},"excerpt":{"rendered":"<p>Den optimala skylten med m\u00e5nga anv\u00e4ndningsomr\u00e5den. L\u00e5g vikt och enkel att anv\u00e4nda. Tillverkad i 5 mm kanalplast. Tryck p\u00e5 b\u00e5da sidorna och det kan vara olika budskap om man vill. F\u00f6r egen storlek eller figur beg\u00e4r offert. Levereras 25 st plastade.<\/p>\n","protected":false},"featured_media":37835,"template":"","meta":{"_acf_changed":false,"_seopress_robots_primary_cat":"","_seopress_titles_title":"","_seopress_titles_desc":"","_seopress_robots_index":""},"product_brand":[],"product_cat":[15],"product_tag":[],"class_list":{"0":"post-37834","1":"product","2":"type-product","3":"status-publish","4":"has-post-thumbnail","6":"product_cat-okategoriserad","7":"atta45_taxonomy-expo-event-skyltar-sv","9":"first","10":"instock","11":"taxable","12":"shipping-taxable","13":"purchasable","14":"product-type-variable"},"acf":[],"_links":{"self":[{"href":"https:\/\/www.atta45.se\/e-butik\/wp-json\/wp\/v2\/product\/37834","targetHints":{"allow":["GET"]}}],"collection":[{"href":"https:\/\/www.atta45.se\/e-butik\/wp-json\/wp\/v2\/product"}],"about":[{"href":"https:\/\/www.atta45.se\/e-butik\/wp-json\/wp\/v2\/types\/product"}],"wp:featuredmedia":[{"embeddable":true,"href":"https:\/\/www.atta45.se\/e-butik\/wp-json\/wp\/v2\/media\/37835"}],"wp:attachment":[{"href":"https:\/\/www.atta45.se\/e-butik\/wp-json\/wp\/v2\/media?parent=37834"}],"wp:term":[{"taxonomy":"product_brand","embeddable":true,"href":"https:\/\/www.atta45.se\/e-butik\/wp-json\/wp\/v2\/product_brand?post=37834"},{"taxonomy":"product_cat","embeddable":true,"href":"https:\/\/www.atta45.se\/e-butik\/wp-json\/wp\/v2\/product_cat?post=37834"},{"taxonomy":"product_tag","embeddable":true,"href":"https:\/\/www.atta45.se\/e-butik\/wp-json\/wp\/v2\/product_tag?post=37834"}],"curies":[{"name":"wp","href":"https:\/\/api.w.org\/{rel}","templated":true}]}}