{"id":37457,"date":"2024-12-26T17:59:30","date_gmt":"2024-12-26T16:59:30","guid":{"rendered":"https:\/\/www.atta45.se\/e-butik\/?post_type=product&#038;p=37457"},"modified":"2025-10-28T05:28:36","modified_gmt":"2025-10-28T04:28:36","slug":"nodfilt-varmefilt-2","status":"publish","type":"product","link":"https:\/\/www.atta45.se\/e-butik\/produkt\/nodfilt-varmefilt-2\/","title":{"rendered":"N\u00f6dfilt\/V\u00e4rmefilt"},"content":{"rendered":"<p>V\u00e4rmefilt i aluminiumfolie. Leveras hopvikt i en polyp\u00e5se.<\/p>\n","protected":false},"excerpt":{"rendered":"<p>V\u00e4rmefilt i aluminiumfolie. Leveras hopvikt i en polyp\u00e5se.<\/p>\n","protected":false},"featured_media":37458,"template":"","meta":{"_acf_changed":false,"_seopress_robots_primary_cat":"","_seopress_titles_title":"","_seopress_titles_desc":"","_seopress_robots_index":""},"product_brand":[],"product_cat":[15],"product_tag":[],"class_list":{"0":"post-37457","1":"product","2":"type-product","3":"status-publish","4":"has-post-thumbnail","6":"product_cat-okategoriserad","7":"atta45_taxonomy-reflexer-verktyg-sakerhet-biltillbehor-sv","8":"atta45_taxonomy-fritid-filtar-sv","9":"atta45_taxonomy-fritid-overlevnadsprodukter-sv","10":"atta45_taxonomy-reflexer-verktyg-sakerhet-overlevnadsprodukter-sv","12":"first","13":"instock","14":"taxable","15":"shipping-taxable","16":"purchasable","17":"product-type-variable"},"acf":[],"_links":{"self":[{"href":"https:\/\/www.atta45.se\/e-butik\/wp-json\/wp\/v2\/product\/37457","targetHints":{"allow":["GET"]}}],"collection":[{"href":"https:\/\/www.atta45.se\/e-butik\/wp-json\/wp\/v2\/product"}],"about":[{"href":"https:\/\/www.atta45.se\/e-butik\/wp-json\/wp\/v2\/types\/product"}],"wp:featuredmedia":[{"embeddable":true,"href":"https:\/\/www.atta45.se\/e-butik\/wp-json\/wp\/v2\/media\/37458"}],"wp:attachment":[{"href":"https:\/\/www.atta45.se\/e-butik\/wp-json\/wp\/v2\/media?parent=37457"}],"wp:term":[{"taxonomy":"product_brand","embeddable":true,"href":"https:\/\/www.atta45.se\/e-butik\/wp-json\/wp\/v2\/product_brand?post=37457"},{"taxonomy":"product_cat","embeddable":true,"href":"https:\/\/www.atta45.se\/e-butik\/wp-json\/wp\/v2\/product_cat?post=37457"},{"taxonomy":"product_tag","embeddable":true,"href":"https:\/\/www.atta45.se\/e-butik\/wp-json\/wp\/v2\/product_tag?post=37457"}],"curies":[{"name":"wp","href":"https:\/\/api.w.org\/{rel}","templated":true}]}}