{"id":37443,"date":"2024-12-26T17:59:24","date_gmt":"2024-12-26T16:59:24","guid":{"rendered":"https:\/\/www.atta45.se\/e-butik\/?post_type=product&#038;p=37443"},"modified":"2025-10-28T00:56:23","modified_gmt":"2025-10-27T23:56:23","slug":"schwarzwolf-brisa-resefilt","status":"publish","type":"product","link":"https:\/\/www.atta45.se\/e-butik\/produkt\/schwarzwolf-brisa-resefilt\/","title":{"rendered":"Resefilt SCHWARZWOLF BRISA"},"content":{"rendered":"<p>Schwarzwolf l\u00e4tta resefilt \u00e4r perfekt f\u00f6r dina resor med flyg, bil, buss och t\u00e5g.<\/p>\n<p>Den \u00e4r gjord av mikrofiber som enkelt extraherar svett och ger dig v\u00e4rme och komfort. <\/p>\n<p>Den \u00e4r f\u00f6rpackad i en praktisk nylonp\u00e5se. <\/p>\n","protected":false},"excerpt":{"rendered":"<p>Schwarzwolf l\u00e4tta resefilt \u00e4r perfekt f\u00f6r dina resor med flyg, bil, buss och t\u00e5g. Den \u00e4r gjord av mikrofiber som enkelt extraherar svett och ger dig v\u00e4rme och komfort. Den \u00e4r f\u00f6rpackad i en praktisk nylonp\u00e5se.<\/p>\n","protected":false},"featured_media":37444,"template":"","meta":{"_acf_changed":false,"_seopress_robots_primary_cat":"","_seopress_titles_title":"","_seopress_titles_desc":"","_seopress_robots_index":""},"product_brand":[],"product_cat":[15],"product_tag":[],"class_list":{"0":"post-37443","1":"product","2":"type-product","3":"status-publish","4":"has-post-thumbnail","6":"product_cat-okategoriserad","7":"atta45_taxonomy-fritid-filtar-sv","8":"atta45_taxonomy-fritid-overlevnadsprodukter-sv","9":"atta45_taxonomy-tema-inspiration-varumarken-schwarzwolf-sv","11":"first","12":"instock","13":"taxable","14":"shipping-taxable","15":"purchasable","16":"product-type-variable"},"acf":[],"_links":{"self":[{"href":"https:\/\/www.atta45.se\/e-butik\/wp-json\/wp\/v2\/product\/37443","targetHints":{"allow":["GET"]}}],"collection":[{"href":"https:\/\/www.atta45.se\/e-butik\/wp-json\/wp\/v2\/product"}],"about":[{"href":"https:\/\/www.atta45.se\/e-butik\/wp-json\/wp\/v2\/types\/product"}],"wp:featuredmedia":[{"embeddable":true,"href":"https:\/\/www.atta45.se\/e-butik\/wp-json\/wp\/v2\/media\/37444"}],"wp:attachment":[{"href":"https:\/\/www.atta45.se\/e-butik\/wp-json\/wp\/v2\/media?parent=37443"}],"wp:term":[{"taxonomy":"product_brand","embeddable":true,"href":"https:\/\/www.atta45.se\/e-butik\/wp-json\/wp\/v2\/product_brand?post=37443"},{"taxonomy":"product_cat","embeddable":true,"href":"https:\/\/www.atta45.se\/e-butik\/wp-json\/wp\/v2\/product_cat?post=37443"},{"taxonomy":"product_tag","embeddable":true,"href":"https:\/\/www.atta45.se\/e-butik\/wp-json\/wp\/v2\/product_tag?post=37443"}],"curies":[{"name":"wp","href":"https:\/\/api.w.org\/{rel}","templated":true}]}}