{"id":37401,"date":"2024-12-26T17:59:06","date_gmt":"2024-12-26T16:59:06","guid":{"rendered":"https:\/\/www.atta45.se\/e-butik\/?post_type=product&#038;p=37401"},"modified":"2025-10-28T00:33:59","modified_gmt":"2025-10-27T23:33:59","slug":"filt-bb-flip-vattentat-2-i-1-eu","status":"publish","type":"product","link":"https:\/\/www.atta45.se\/e-butik\/produkt\/filt-bb-flip-vattentat-2-i-1-eu\/","title":{"rendered":"Filt BB Flip (vattent\u00e4t) 2 i 1 EU"},"content":{"rendered":"<p>Tillverkad i Europa<\/p>\n<p>BB flip \u00e4r en innovativ 2-i-1 strandfilt som f\u00f6rvandlas till en v\u00e4ska.<br \/>Tillverkad av ensidigt tryckt fleece, den har l\u00f6sningar som g\u00f6r din vistelse p\u00e5 stranden eller parken trevlig och bekv\u00e4m.<\/p>\n<p>Material: polyester 80%, polyamid 20%<br \/>Storlek:<br \/>75 x 100 cm (\u00b1 5 cm)<br \/>145 x 160 cm (\u00b1 5 cm)<br \/>145 x 180 cm (\u00b1 5 cm)<br \/>145 x 200 cm (\u00b1 5 cm)<br \/>Vikt: 260 gsm<br \/>F\u00f6rpackning: individuell<br \/>Tryck: hel yta\/en sida<br \/>Trycktyp: sublimering<br \/>Kanter: bomull<br \/>Vattent\u00e4tt foder: ja<\/p>\n<p>The One Premium<\/p>\n","protected":false},"excerpt":{"rendered":"<p>Tillverkad i Europa BB flip \u00e4r en innovativ 2-i-1 strandfilt som f\u00f6rvandlas till en v\u00e4ska.Tillverkad av ensidigt tryckt fleece, den har l\u00f6sningar som g\u00f6r din vistelse p\u00e5 stranden eller parken trevlig och bekv\u00e4m. Material: polyester 80%, polyamid 20%Storlek:75 x 100 cm (\u00b1 5 cm)145 x 160 cm (\u00b1 5 cm)145 x 180 cm (\u00b1 5 [&hellip;]<\/p>\n","protected":false},"featured_media":37402,"template":"","meta":{"_acf_changed":false,"_seopress_robots_primary_cat":"","_seopress_titles_title":"","_seopress_titles_desc":"","_seopress_robots_index":""},"product_brand":[],"product_cat":[15],"product_tag":[],"class_list":{"0":"post-37401","1":"product","2":"type-product","3":"status-publish","4":"has-post-thumbnail","6":"product_cat-okategoriserad","7":"atta45_taxonomy-fritid-filtar-sv","8":"atta45_taxonomy-fritid-picknickset-sv","9":"atta45_taxonomy-tema-inspiration-varumarken-the-one-premium-sv","11":"first","12":"instock","13":"taxable","14":"shipping-taxable","15":"purchasable","16":"product-type-variable"},"acf":[],"_links":{"self":[{"href":"https:\/\/www.atta45.se\/e-butik\/wp-json\/wp\/v2\/product\/37401","targetHints":{"allow":["GET"]}}],"collection":[{"href":"https:\/\/www.atta45.se\/e-butik\/wp-json\/wp\/v2\/product"}],"about":[{"href":"https:\/\/www.atta45.se\/e-butik\/wp-json\/wp\/v2\/types\/product"}],"wp:featuredmedia":[{"embeddable":true,"href":"https:\/\/www.atta45.se\/e-butik\/wp-json\/wp\/v2\/media\/37402"}],"wp:attachment":[{"href":"https:\/\/www.atta45.se\/e-butik\/wp-json\/wp\/v2\/media?parent=37401"}],"wp:term":[{"taxonomy":"product_brand","embeddable":true,"href":"https:\/\/www.atta45.se\/e-butik\/wp-json\/wp\/v2\/product_brand?post=37401"},{"taxonomy":"product_cat","embeddable":true,"href":"https:\/\/www.atta45.se\/e-butik\/wp-json\/wp\/v2\/product_cat?post=37401"},{"taxonomy":"product_tag","embeddable":true,"href":"https:\/\/www.atta45.se\/e-butik\/wp-json\/wp\/v2\/product_tag?post=37401"}],"curies":[{"name":"wp","href":"https:\/\/api.w.org\/{rel}","templated":true}]}}