{"id":37363,"date":"2024-12-26T17:58:48","date_gmt":"2024-12-26T16:58:48","guid":{"rendered":"https:\/\/www.atta45.se\/e-butik\/?post_type=product&#038;p=37363"},"modified":"2025-10-27T17:56:17","modified_gmt":"2025-10-27T16:56:17","slug":"filt-i-fleece-enfargad-eu","status":"publish","type":"product","link":"https:\/\/www.atta45.se\/e-butik\/produkt\/filt-i-fleece-enfargad-eu\/","title":{"rendered":"Filt i fleece (enf\u00e4rgad) EU"},"content":{"rendered":"<p>Producerad i Europa<\/p>\n<p>Enf\u00e4rgad fleecefilt. L\u00e4tt och behaglig att r\u00f6ra vid.<\/p>\n<p>Storlek: 150 x 200 cm (+\/- 1 cm)<br \/>Material: 100% polyester<br \/>F\u00f6rpackad: individuell <\/p>\n<p>The One Premium<\/p>\n","protected":false},"excerpt":{"rendered":"<p>Producerad i Europa Enf\u00e4rgad fleecefilt. L\u00e4tt och behaglig att r\u00f6ra vid. Storlek: 150 x 200 cm (+\/- 1 cm)Material: 100% polyesterF\u00f6rpackad: individuell The One Premium<\/p>\n","protected":false},"featured_media":37364,"template":"","meta":{"_acf_changed":false,"_seopress_robots_primary_cat":"","_seopress_titles_title":"","_seopress_titles_desc":"","_seopress_robots_index":""},"product_brand":[],"product_cat":[15],"product_tag":[],"class_list":{"0":"post-37363","1":"product","2":"type-product","3":"status-publish","4":"has-post-thumbnail","6":"product_cat-okategoriserad","7":"atta45_taxonomy-fritid-filtar-sv","8":"atta45_taxonomy-fritid-fleeceprodukter-sv","9":"atta45_taxonomy-fritid-picknickset-sv","10":"atta45_taxonomy-tema-inspiration-varumarken-the-one-premium-sv","12":"first","13":"instock","14":"taxable","15":"shipping-taxable","16":"purchasable","17":"product-type-variable"},"acf":[],"_links":{"self":[{"href":"https:\/\/www.atta45.se\/e-butik\/wp-json\/wp\/v2\/product\/37363","targetHints":{"allow":["GET"]}}],"collection":[{"href":"https:\/\/www.atta45.se\/e-butik\/wp-json\/wp\/v2\/product"}],"about":[{"href":"https:\/\/www.atta45.se\/e-butik\/wp-json\/wp\/v2\/types\/product"}],"wp:featuredmedia":[{"embeddable":true,"href":"https:\/\/www.atta45.se\/e-butik\/wp-json\/wp\/v2\/media\/37364"}],"wp:attachment":[{"href":"https:\/\/www.atta45.se\/e-butik\/wp-json\/wp\/v2\/media?parent=37363"}],"wp:term":[{"taxonomy":"product_brand","embeddable":true,"href":"https:\/\/www.atta45.se\/e-butik\/wp-json\/wp\/v2\/product_brand?post=37363"},{"taxonomy":"product_cat","embeddable":true,"href":"https:\/\/www.atta45.se\/e-butik\/wp-json\/wp\/v2\/product_cat?post=37363"},{"taxonomy":"product_tag","embeddable":true,"href":"https:\/\/www.atta45.se\/e-butik\/wp-json\/wp\/v2\/product_tag?post=37363"}],"curies":[{"name":"wp","href":"https:\/\/api.w.org\/{rel}","templated":true}]}}