{"id":37309,"date":"2024-12-26T17:58:19","date_gmt":"2024-12-26T16:58:19","guid":{"rendered":"https:\/\/www.atta45.se\/e-butik\/?post_type=product&#038;p=37309"},"modified":"2025-10-27T17:55:35","modified_gmt":"2025-10-27T16:55:35","slug":"filt-i-fleece-fullfargstryck-1-sida-eu","status":"publish","type":"product","link":"https:\/\/www.atta45.se\/e-butik\/produkt\/filt-i-fleece-fullfargstryck-1-sida-eu\/","title":{"rendered":"Filt i fleece (fullf\u00e4rgstryck 1 sida) EU"},"content":{"rendered":"<p>Producerad i Europa<\/p>\n<p>En fleecefilt med sublimeringstryck. Trycktekniken m\u00f6jligg\u00f6r perfekt f\u00e4rg\u00e5tergivning.<\/p>\n<p>Fullf\u00e4rg sublimationstryck<\/p>\n<p>Hela produkten trycks i din design. Allt fr\u00e5n bottenf\u00e4rgen till logotypen. G\u00f6rs i fullf\u00e4rgstryck, vilket ger total frihet i f\u00e4rger och layout.<\/p>\n<p>Storlek: Olika storlekar<br \/>Material: Polyester 80 %, Polyamid 20 %<br \/>Materialvikt: 260g\/m2<br \/>F\u00f6rpackad: individuell <\/p>\n<p>The One Premium<\/p>\n","protected":false},"excerpt":{"rendered":"<p>Producerad i Europa En fleecefilt med sublimeringstryck. Trycktekniken m\u00f6jligg\u00f6r perfekt f\u00e4rg\u00e5tergivning. Fullf\u00e4rg sublimationstryck Hela produkten trycks i din design. Allt fr\u00e5n bottenf\u00e4rgen till logotypen. G\u00f6rs i fullf\u00e4rgstryck, vilket ger total frihet i f\u00e4rger och layout. Storlek: Olika storlekarMaterial: Polyester 80 %, Polyamid 20 %Materialvikt: 260g\/m2F\u00f6rpackad: individuell The One Premium<\/p>\n","protected":false},"featured_media":37310,"template":"","meta":{"_acf_changed":false,"_seopress_robots_primary_cat":"","_seopress_titles_title":"","_seopress_titles_desc":"","_seopress_robots_index":""},"product_brand":[],"product_cat":[15],"product_tag":[],"class_list":{"0":"post-37309","1":"product","2":"type-product","3":"status-publish","4":"has-post-thumbnail","6":"product_cat-okategoriserad","7":"atta45_taxonomy-fritid-filtar-sv","8":"atta45_taxonomy-fritid-fleeceprodukter-sv","9":"atta45_taxonomy-fritid-picknickset-sv","10":"atta45_taxonomy-tema-inspiration-varumarken-the-one-premium-sv","12":"first","13":"instock","14":"taxable","15":"shipping-taxable","16":"purchasable","17":"product-type-variable"},"acf":[],"_links":{"self":[{"href":"https:\/\/www.atta45.se\/e-butik\/wp-json\/wp\/v2\/product\/37309","targetHints":{"allow":["GET"]}}],"collection":[{"href":"https:\/\/www.atta45.se\/e-butik\/wp-json\/wp\/v2\/product"}],"about":[{"href":"https:\/\/www.atta45.se\/e-butik\/wp-json\/wp\/v2\/types\/product"}],"wp:featuredmedia":[{"embeddable":true,"href":"https:\/\/www.atta45.se\/e-butik\/wp-json\/wp\/v2\/media\/37310"}],"wp:attachment":[{"href":"https:\/\/www.atta45.se\/e-butik\/wp-json\/wp\/v2\/media?parent=37309"}],"wp:term":[{"taxonomy":"product_brand","embeddable":true,"href":"https:\/\/www.atta45.se\/e-butik\/wp-json\/wp\/v2\/product_brand?post=37309"},{"taxonomy":"product_cat","embeddable":true,"href":"https:\/\/www.atta45.se\/e-butik\/wp-json\/wp\/v2\/product_cat?post=37309"},{"taxonomy":"product_tag","embeddable":true,"href":"https:\/\/www.atta45.se\/e-butik\/wp-json\/wp\/v2\/product_tag?post=37309"}],"curies":[{"name":"wp","href":"https:\/\/api.w.org\/{rel}","templated":true}]}}