{"id":37293,"date":"2024-12-26T17:58:10","date_gmt":"2024-12-26T16:58:10","guid":{"rendered":"https:\/\/www.atta45.se\/e-butik\/?post_type=product&#038;p=37293"},"modified":"2025-10-27T17:54:25","modified_gmt":"2025-10-27T16:54:25","slug":"filt-i-sherpa-fleece-fullfargstryck-eu","status":"publish","type":"product","link":"https:\/\/www.atta45.se\/e-butik\/produkt\/filt-i-sherpa-fleece-fullfargstryck-eu\/","title":{"rendered":"Filt i Sherpa fleece (fullf\u00e4rgstryck) EU"},"content":{"rendered":"<p>Producerad i Europa<\/p>\n<p>Extremt mjuk och behaglig ber\u00f6ringst\u00e4cke med din egen tryckta design. \u00d6vre sidan \u00e4r gjord av mikrofiber, undersidan \u00e4r gjord av sherpa fleece, som p\u00e5minner om f\u00e5rull. Det kommer att vara perfekt inte bara som en extremt fin varmare p\u00e5 svala kv\u00e4llar, utan ocks\u00e5 som en original dekoration av ett sovrum eller ett vardagsrum.<\/p>\n<p>Hela produkten trycks i din design. Allt fr\u00e5n bottenf\u00e4rgen till logotypen. G\u00f6rs i fullf\u00e4rgstryck, vilket ger total frihet i f\u00e4rger och layout.<\/p>\n<p>Storlek: Olika storlekar<br \/>Material: 100% polyester<br \/>Materialvikt: 220 + 220 g\/m2<br \/>F\u00f6rpackad: individuell <\/p>\n<p>The One Premium<\/p>\n","protected":false},"excerpt":{"rendered":"<p>Producerad i Europa Extremt mjuk och behaglig ber\u00f6ringst\u00e4cke med din egen tryckta design. \u00d6vre sidan \u00e4r gjord av mikrofiber, undersidan \u00e4r gjord av sherpa fleece, som p\u00e5minner om f\u00e5rull. Det kommer att vara perfekt inte bara som en extremt fin varmare p\u00e5 svala kv\u00e4llar, utan ocks\u00e5 som en original dekoration av ett sovrum eller ett [&hellip;]<\/p>\n","protected":false},"featured_media":37294,"template":"","meta":{"_acf_changed":false,"_seopress_robots_primary_cat":"","_seopress_titles_title":"","_seopress_titles_desc":"","_seopress_robots_index":""},"product_brand":[],"product_cat":[15],"product_tag":[],"class_list":{"0":"post-37293","1":"product","2":"type-product","3":"status-publish","4":"has-post-thumbnail","6":"product_cat-okategoriserad","7":"atta45_taxonomy-fritid-filtar-sv","8":"atta45_taxonomy-fritid-picknickset-sv","9":"atta45_taxonomy-tema-inspiration-varumarken-the-one-premium-sv","11":"first","12":"instock","13":"taxable","14":"shipping-taxable","15":"purchasable","16":"product-type-variable"},"acf":[],"_links":{"self":[{"href":"https:\/\/www.atta45.se\/e-butik\/wp-json\/wp\/v2\/product\/37293","targetHints":{"allow":["GET"]}}],"collection":[{"href":"https:\/\/www.atta45.se\/e-butik\/wp-json\/wp\/v2\/product"}],"about":[{"href":"https:\/\/www.atta45.se\/e-butik\/wp-json\/wp\/v2\/types\/product"}],"wp:featuredmedia":[{"embeddable":true,"href":"https:\/\/www.atta45.se\/e-butik\/wp-json\/wp\/v2\/media\/37294"}],"wp:attachment":[{"href":"https:\/\/www.atta45.se\/e-butik\/wp-json\/wp\/v2\/media?parent=37293"}],"wp:term":[{"taxonomy":"product_brand","embeddable":true,"href":"https:\/\/www.atta45.se\/e-butik\/wp-json\/wp\/v2\/product_brand?post=37293"},{"taxonomy":"product_cat","embeddable":true,"href":"https:\/\/www.atta45.se\/e-butik\/wp-json\/wp\/v2\/product_cat?post=37293"},{"taxonomy":"product_tag","embeddable":true,"href":"https:\/\/www.atta45.se\/e-butik\/wp-json\/wp\/v2\/product_tag?post=37293"}],"curies":[{"name":"wp","href":"https:\/\/api.w.org\/{rel}","templated":true}]}}