{"id":37275,"date":"2024-12-26T17:57:59","date_gmt":"2024-12-26T16:57:59","guid":{"rendered":"https:\/\/www.atta45.se\/e-butik\/?post_type=product&#038;p=37275"},"modified":"2025-10-27T17:54:12","modified_gmt":"2025-10-27T16:54:12","slug":"picknickfilt-med-vattentat-baksida-fullfargstryck-eu","status":"publish","type":"product","link":"https:\/\/www.atta45.se\/e-butik\/produkt\/picknickfilt-med-vattentat-baksida-fullfargstryck-eu\/","title":{"rendered":"Picknickfilt med vattent\u00e4t baksida (fullf\u00e4rgstryck) EU"},"content":{"rendered":"<p>Producerad i Europa<\/p>\n<p>Picknickfilt med vattent\u00e4tt foder. Extra stor storlek &#8211; perfekt f\u00f6r picknick med familj och v\u00e4nner. Anv\u00e4ndningen av ett vattent\u00e4tt material som filtens bottenlager ger mycket god v\u00e4rmeisolering och vattenbest\u00e4ndighet (det kan anv\u00e4ndas p\u00e5 v\u00e5tt gr\u00e4s). Fleece med \u00f6kad vikt &#8211; fleecematerialet \u00e4r extremt mjukt och behagligt vid ber\u00f6ring. Oumb\u00e4rlig under picknick och resor.<\/p>\n<p>Hela produkten trycks i din design. Allt fr\u00e5n bottenf\u00e4rgen till logotypen. G\u00f6rs i fullf\u00e4rgstryck, vilket ger total frihet i f\u00e4rger och layout.<\/p>\n<p>Storlek: Olika storlekar (+\/- 1 cm)<br \/>Material: 100% polyester<br \/>Foder: vattent\u00e4tt material<br \/>F\u00f6rpackad: individuell <\/p>\n<p>The One Premium<\/p>\n","protected":false},"excerpt":{"rendered":"<p>Producerad i Europa Picknickfilt med vattent\u00e4tt foder. Extra stor storlek &#8211; perfekt f\u00f6r picknick med familj och v\u00e4nner. Anv\u00e4ndningen av ett vattent\u00e4tt material som filtens bottenlager ger mycket god v\u00e4rmeisolering och vattenbest\u00e4ndighet (det kan anv\u00e4ndas p\u00e5 v\u00e5tt gr\u00e4s). Fleece med \u00f6kad vikt &#8211; fleecematerialet \u00e4r extremt mjukt och behagligt vid ber\u00f6ring. Oumb\u00e4rlig under picknick och [&hellip;]<\/p>\n","protected":false},"featured_media":37276,"template":"","meta":{"_acf_changed":false,"_seopress_robots_primary_cat":"","_seopress_titles_title":"","_seopress_titles_desc":"","_seopress_robots_index":""},"product_brand":[],"product_cat":[15],"product_tag":[],"class_list":{"0":"post-37275","1":"product","2":"type-product","3":"status-publish","4":"has-post-thumbnail","6":"product_cat-okategoriserad","7":"atta45_taxonomy-fritid-filtar-sv","8":"atta45_taxonomy-fritid-picknickset-sv","9":"atta45_taxonomy-tema-inspiration-varumarken-the-one-premium-sv","11":"first","12":"instock","13":"taxable","14":"shipping-taxable","15":"purchasable","16":"product-type-variable"},"acf":[],"_links":{"self":[{"href":"https:\/\/www.atta45.se\/e-butik\/wp-json\/wp\/v2\/product\/37275","targetHints":{"allow":["GET"]}}],"collection":[{"href":"https:\/\/www.atta45.se\/e-butik\/wp-json\/wp\/v2\/product"}],"about":[{"href":"https:\/\/www.atta45.se\/e-butik\/wp-json\/wp\/v2\/types\/product"}],"wp:featuredmedia":[{"embeddable":true,"href":"https:\/\/www.atta45.se\/e-butik\/wp-json\/wp\/v2\/media\/37276"}],"wp:attachment":[{"href":"https:\/\/www.atta45.se\/e-butik\/wp-json\/wp\/v2\/media?parent=37275"}],"wp:term":[{"taxonomy":"product_brand","embeddable":true,"href":"https:\/\/www.atta45.se\/e-butik\/wp-json\/wp\/v2\/product_brand?post=37275"},{"taxonomy":"product_cat","embeddable":true,"href":"https:\/\/www.atta45.se\/e-butik\/wp-json\/wp\/v2\/product_cat?post=37275"},{"taxonomy":"product_tag","embeddable":true,"href":"https:\/\/www.atta45.se\/e-butik\/wp-json\/wp\/v2\/product_tag?post=37275"}],"curies":[{"name":"wp","href":"https:\/\/api.w.org\/{rel}","templated":true}]}}