{"id":37253,"date":"2024-12-26T17:57:49","date_gmt":"2024-12-26T16:57:49","guid":{"rendered":"https:\/\/www.atta45.se\/e-butik\/?post_type=product&#038;p=37253"},"modified":"2025-10-27T17:03:27","modified_gmt":"2025-10-27T16:03:27","slug":"flanell-fleecefilt-230-gr-m%c2%b2-nikolai","status":"publish","type":"product","link":"https:\/\/www.atta45.se\/e-butik\/produkt\/flanell-fleecefilt-230-gr-m%c2%b2-nikolai\/","title":{"rendered":"Fleecefilt Flanell (230 gr\/m\u00b2)  Nikolai"},"content":{"rendered":"<p>Flanell fleecefilt (230 gr\/m\u00b2) med v\u00e5ffeldesign. F\u00f6rpackning med band och kartonginl\u00e4gg l\u00e4mplig f\u00f6r tryckning. Storlek: 120 x 150 cm.<\/p>\n","protected":false},"excerpt":{"rendered":"<p>Flanell fleecefilt (230 gr\/m\u00b2) med v\u00e5ffeldesign. F\u00f6rpackning med band och kartonginl\u00e4gg l\u00e4mplig f\u00f6r tryckning. Storlek: 120 x 150 cm.<\/p>\n","protected":false},"featured_media":37254,"template":"","meta":{"_acf_changed":false,"_seopress_robots_primary_cat":"","_seopress_titles_title":"","_seopress_titles_desc":"","_seopress_robots_index":""},"product_brand":[],"product_cat":[15],"product_tag":[],"class_list":{"0":"post-37253","1":"product","2":"type-product","3":"status-publish","4":"has-post-thumbnail","6":"product_cat-okategoriserad","7":"atta45_taxonomy-fritid-filtar-sv","8":"atta45_taxonomy-textil-fleece-sv","9":"atta45_taxonomy-fritid-fleeceprodukter-sv","10":"atta45_taxonomy-hem-hushall-sv","12":"first","13":"instock","14":"taxable","15":"shipping-taxable","16":"purchasable","17":"product-type-variable"},"acf":[],"_links":{"self":[{"href":"https:\/\/www.atta45.se\/e-butik\/wp-json\/wp\/v2\/product\/37253","targetHints":{"allow":["GET"]}}],"collection":[{"href":"https:\/\/www.atta45.se\/e-butik\/wp-json\/wp\/v2\/product"}],"about":[{"href":"https:\/\/www.atta45.se\/e-butik\/wp-json\/wp\/v2\/types\/product"}],"wp:featuredmedia":[{"embeddable":true,"href":"https:\/\/www.atta45.se\/e-butik\/wp-json\/wp\/v2\/media\/37254"}],"wp:attachment":[{"href":"https:\/\/www.atta45.se\/e-butik\/wp-json\/wp\/v2\/media?parent=37253"}],"wp:term":[{"taxonomy":"product_brand","embeddable":true,"href":"https:\/\/www.atta45.se\/e-butik\/wp-json\/wp\/v2\/product_brand?post=37253"},{"taxonomy":"product_cat","embeddable":true,"href":"https:\/\/www.atta45.se\/e-butik\/wp-json\/wp\/v2\/product_cat?post=37253"},{"taxonomy":"product_tag","embeddable":true,"href":"https:\/\/www.atta45.se\/e-butik\/wp-json\/wp\/v2\/product_tag?post=37253"}],"curies":[{"name":"wp","href":"https:\/\/api.w.org\/{rel}","templated":true}]}}