{"id":37181,"date":"2024-12-26T17:57:19","date_gmt":"2024-12-26T16:57:19","guid":{"rendered":"https:\/\/www.atta45.se\/e-butik\/?post_type=product&#038;p=37181"},"modified":"2025-10-27T22:16:29","modified_gmt":"2025-10-27T21:16:29","slug":"mjukdjur-i-jultema-med-filt","status":"publish","type":"product","link":"https:\/\/www.atta45.se\/e-butik\/produkt\/mjukdjur-i-jultema-med-filt\/","title":{"rendered":"Gosedjur med filt, jultema, Andrew"},"content":{"rendered":"<p>Filt i 100 % polyester fleece (180 g\/m2), ovikt m\u00e4ter filten ca 102 x 77 cm. Med mjukdjur i jultema, etikett f\u00f6r logotryck. F\u00f6tterna h\u00e5lls ihop med kardborre.<\/p>\n","protected":false},"excerpt":{"rendered":"<p>Filt i 100 % polyester fleece (180 g\/m2), ovikt m\u00e4ter filten ca 102 x 77 cm. Med mjukdjur i jultema, etikett f\u00f6r logotryck. F\u00f6tterna h\u00e5lls ihop med kardborre.<\/p>\n","protected":false},"featured_media":37182,"template":"","meta":{"_acf_changed":false,"_seopress_robots_primary_cat":"","_seopress_titles_title":"","_seopress_titles_desc":"","_seopress_robots_index":""},"product_brand":[],"product_cat":[15],"product_tag":[],"class_list":{"0":"post-37181","1":"product","2":"type-product","3":"status-publish","4":"has-post-thumbnail","6":"product_cat-okategoriserad","7":"atta45_taxonomy-tema-inspiration-ogonblick-arsslut-sv","8":"atta45_taxonomy-fritid-filtar-sv","9":"atta45_taxonomy-textil-fleece-sv","10":"atta45_taxonomy-fritid-fleeceprodukter-sv","11":"atta45_taxonomy-hem-hushall-sv","12":"atta45_taxonomy-tema-inspiration-ogonblick-jul-sv","13":"atta45_taxonomy-fritid-spel-leksaker-leksaker-sv","14":"atta45_taxonomy-tema-inspiration-ogonblick-sv","15":"atta45_taxonomy-tema-inspiration-sasong-sv","16":"atta45_taxonomy-fritid-spel-leksaker-sv","17":"atta45_taxonomy-tema-inspiration-sv","18":"atta45_taxonomy-tema-inspiration-sasong-vinter-sv","19":"atta45_taxonomy-fritid-xmas-sv","21":"first","22":"instock","23":"taxable","24":"shipping-taxable","25":"purchasable","26":"product-type-variable"},"acf":[],"_links":{"self":[{"href":"https:\/\/www.atta45.se\/e-butik\/wp-json\/wp\/v2\/product\/37181","targetHints":{"allow":["GET"]}}],"collection":[{"href":"https:\/\/www.atta45.se\/e-butik\/wp-json\/wp\/v2\/product"}],"about":[{"href":"https:\/\/www.atta45.se\/e-butik\/wp-json\/wp\/v2\/types\/product"}],"wp:featuredmedia":[{"embeddable":true,"href":"https:\/\/www.atta45.se\/e-butik\/wp-json\/wp\/v2\/media\/37182"}],"wp:attachment":[{"href":"https:\/\/www.atta45.se\/e-butik\/wp-json\/wp\/v2\/media?parent=37181"}],"wp:term":[{"taxonomy":"product_brand","embeddable":true,"href":"https:\/\/www.atta45.se\/e-butik\/wp-json\/wp\/v2\/product_brand?post=37181"},{"taxonomy":"product_cat","embeddable":true,"href":"https:\/\/www.atta45.se\/e-butik\/wp-json\/wp\/v2\/product_cat?post=37181"},{"taxonomy":"product_tag","embeddable":true,"href":"https:\/\/www.atta45.se\/e-butik\/wp-json\/wp\/v2\/product_tag?post=37181"}],"curies":[{"name":"wp","href":"https:\/\/api.w.org\/{rel}","templated":true}]}}