{"id":37171,"date":"2024-12-26T17:57:14","date_gmt":"2024-12-26T16:57:14","guid":{"rendered":"https:\/\/www.atta45.se\/e-butik\/?post_type=product&#038;p=37171"},"modified":"2025-10-27T18:13:40","modified_gmt":"2025-10-27T17:13:40","slug":"schwarzwolf-kinabalu-sovsack","status":"publish","type":"product","link":"https:\/\/www.atta45.se\/e-butik\/produkt\/schwarzwolf-kinabalu-sovsack\/","title":{"rendered":"Sovs\u00e4ck Schwarzwolf Kinabalu"},"content":{"rendered":"<p>Mjuk och l\u00e4tt (1,32 kg) Schwarzwolf sovs\u00e4ck, tillverkad av 190T polyester med fyllning i 210T mikrofiber 250 g\/m2. Med quiltad vaddering och dragsko\u00f6ppning.<br \/>Komfortzon 11 \u00b0 till -7 \u00b0 C.<br \/>Material: 190T polyester, 210T mikrofiber<br \/>L\u00e4ngd: 220 cm, \u00f6vre bredd: 80 cm, nedre bredd: 55 cm<br \/>Rekommenderad m\u00e4rkning: Screentryck S3<br \/>Maximal tryckstorlek: 100 \u00d7 100 mm<\/p>\n","protected":false},"excerpt":{"rendered":"<p>Mjuk och l\u00e4tt (1,32 kg) Schwarzwolf sovs\u00e4ck, tillverkad av 190T polyester med fyllning i 210T mikrofiber 250 g\/m2. Med quiltad vaddering och dragsko\u00f6ppning.Komfortzon 11 \u00b0 till -7 \u00b0 C.Material: 190T polyester, 210T mikrofiberL\u00e4ngd: 220 cm, \u00f6vre bredd: 80 cm, nedre bredd: 55 cmRekommenderad m\u00e4rkning: Screentryck S3Maximal tryckstorlek: 100 \u00d7 100 mm<\/p>\n","protected":false},"featured_media":37172,"template":"","meta":{"_acf_changed":false,"_seopress_robots_primary_cat":"","_seopress_titles_title":"","_seopress_titles_desc":"","_seopress_robots_index":""},"product_brand":[],"product_cat":[15],"product_tag":[],"class_list":{"0":"post-37171","1":"product","2":"type-product","3":"status-publish","4":"has-post-thumbnail","6":"product_cat-okategoriserad","7":"atta45_taxonomy-fritid-filtar-sv","8":"atta45_taxonomy-fritid-overlevnadsprodukter-sv","9":"atta45_taxonomy-reflexer-verktyg-sakerhet-overlevnadsprodukter-sv","10":"atta45_taxonomy-tema-inspiration-varumarken-schwarzwolf-sv","12":"first","13":"instock","14":"taxable","15":"shipping-taxable","16":"purchasable","17":"product-type-variable"},"acf":[],"_links":{"self":[{"href":"https:\/\/www.atta45.se\/e-butik\/wp-json\/wp\/v2\/product\/37171","targetHints":{"allow":["GET"]}}],"collection":[{"href":"https:\/\/www.atta45.se\/e-butik\/wp-json\/wp\/v2\/product"}],"about":[{"href":"https:\/\/www.atta45.se\/e-butik\/wp-json\/wp\/v2\/types\/product"}],"wp:featuredmedia":[{"embeddable":true,"href":"https:\/\/www.atta45.se\/e-butik\/wp-json\/wp\/v2\/media\/37172"}],"wp:attachment":[{"href":"https:\/\/www.atta45.se\/e-butik\/wp-json\/wp\/v2\/media?parent=37171"}],"wp:term":[{"taxonomy":"product_brand","embeddable":true,"href":"https:\/\/www.atta45.se\/e-butik\/wp-json\/wp\/v2\/product_brand?post=37171"},{"taxonomy":"product_cat","embeddable":true,"href":"https:\/\/www.atta45.se\/e-butik\/wp-json\/wp\/v2\/product_cat?post=37171"},{"taxonomy":"product_tag","embeddable":true,"href":"https:\/\/www.atta45.se\/e-butik\/wp-json\/wp\/v2\/product_tag?post=37171"}],"curies":[{"name":"wp","href":"https:\/\/api.w.org\/{rel}","templated":true}]}}