{"id":37151,"date":"2024-12-26T17:57:03","date_gmt":"2024-12-26T16:57:03","guid":{"rendered":"https:\/\/www.atta45.se\/e-butik\/?post_type=product&#038;p=37151"},"modified":"2025-10-27T17:01:52","modified_gmt":"2025-10-27T16:01:52","slug":"tanger-i-rostfritt-stal-zephyr","status":"publish","type":"product","link":"https:\/\/www.atta45.se\/e-butik\/produkt\/tanger-i-rostfritt-stal-zephyr\/","title":{"rendered":"T\u00e4nger i rostfritt st\u00e5l Zephyr"},"content":{"rendered":"<p>T\u00e4nger i rostfritt st\u00e5l med handtag med bambudetaljer.<\/p>\n","protected":false},"excerpt":{"rendered":"<p>T\u00e4nger i rostfritt st\u00e5l med handtag med bambudetaljer.<\/p>\n","protected":false},"featured_media":37152,"template":"","meta":{"_acf_changed":false,"_seopress_robots_primary_cat":"","_seopress_titles_title":"","_seopress_titles_desc":"","_seopress_robots_index":""},"product_brand":[],"product_cat":[15],"product_tag":[],"class_list":{"0":"post-37151","1":"product","2":"type-product","3":"status-publish","4":"has-post-thumbnail","6":"product_cat-okategoriserad","7":"atta45_taxonomy-tema-inspiration-grona-intryck-eco-basic-sv","8":"atta45_taxonomy-tema-inspiration-ogonblick-en-dag-i-parken-sv","9":"atta45_taxonomy-fritid-sv","10":"atta45_taxonomy-fritid-grilltillbehor-sv","11":"atta45_taxonomy-tema-inspiration-grona-intryck-sv","12":"atta45_taxonomy-hem-hushall-koksartiklar-sv","13":"atta45_taxonomy-nyheter-sv","14":"atta45_taxonomy-tema-inspiration-utvalda-produkter-nyheter-sv","15":"atta45_taxonomy-tema-inspiration-branscher-rekreation-sv","16":"atta45_taxonomy-tema-inspiration-sasong-sommar-sv","17":"atta45_taxonomy-tema-inspiration-ogonblick-sommargladje-sv","18":"atta45_taxonomy-tema-inspiration-sv","20":"first","21":"instock","22":"taxable","23":"shipping-taxable","24":"purchasable","25":"product-type-variable"},"acf":[],"_links":{"self":[{"href":"https:\/\/www.atta45.se\/e-butik\/wp-json\/wp\/v2\/product\/37151","targetHints":{"allow":["GET"]}}],"collection":[{"href":"https:\/\/www.atta45.se\/e-butik\/wp-json\/wp\/v2\/product"}],"about":[{"href":"https:\/\/www.atta45.se\/e-butik\/wp-json\/wp\/v2\/types\/product"}],"wp:featuredmedia":[{"embeddable":true,"href":"https:\/\/www.atta45.se\/e-butik\/wp-json\/wp\/v2\/media\/37152"}],"wp:attachment":[{"href":"https:\/\/www.atta45.se\/e-butik\/wp-json\/wp\/v2\/media?parent=37151"}],"wp:term":[{"taxonomy":"product_brand","embeddable":true,"href":"https:\/\/www.atta45.se\/e-butik\/wp-json\/wp\/v2\/product_brand?post=37151"},{"taxonomy":"product_cat","embeddable":true,"href":"https:\/\/www.atta45.se\/e-butik\/wp-json\/wp\/v2\/product_cat?post=37151"},{"taxonomy":"product_tag","embeddable":true,"href":"https:\/\/www.atta45.se\/e-butik\/wp-json\/wp\/v2\/product_tag?post=37151"}],"curies":[{"name":"wp","href":"https:\/\/api.w.org\/{rel}","templated":true}]}}