{"id":37017,"date":"2024-12-26T17:56:07","date_gmt":"2024-12-26T16:56:07","guid":{"rendered":"https:\/\/www.atta45.se\/e-butik\/?post_type=product&#038;p=37017"},"modified":"2025-10-27T16:40:11","modified_gmt":"2025-10-27T15:40:11","slug":"solglasogon-uv400","status":"publish","type":"product","link":"https:\/\/www.atta45.se\/e-butik\/produkt\/solglasogon-uv400\/","title":{"rendered":"Solglas\u00f6gon UV400 PC och PVC Kenzie"},"content":{"rendered":"<p>Klassiska solglas\u00f6gon i plast med UV-400 skydd. Bra tryckyta p\u00e5 skalmen.<\/p>\n","protected":false},"excerpt":{"rendered":"<p>Klassiska solglas\u00f6gon i plast med UV-400 skydd. Bra tryckyta p\u00e5 skalmen.<\/p>\n","protected":false},"featured_media":37018,"template":"","meta":{"_acf_changed":false,"_seopress_robots_primary_cat":"none","_seopress_titles_title":"","_seopress_titles_desc":"","_seopress_robots_index":""},"product_brand":[],"product_cat":[15],"product_tag":[],"class_list":{"0":"post-37017","1":"product","2":"type-product","3":"status-publish","4":"has-post-thumbnail","6":"product_cat-okategoriserad","7":"atta45_taxonomy-tema-inspiration-branscher-sv","8":"atta45_taxonomy-tema-inspiration-ogonblick-fargglad-lycka-sv","9":"atta45_taxonomy-fritid-sv","10":"atta45_taxonomy-tema-inspiration-branscher-rekreation-sv","11":"atta45_taxonomy-tema-inspiration-sasong-sv","12":"atta45_taxonomy-fritid-solglasogon-tillbehor-sv","13":"atta45_taxonomy-tema-inspiration-sasong-sommar-sv","14":"atta45_taxonomy-tema-inspiration-sv","15":"atta45_taxonomy-tema-inspiration-sasong-var-sv","17":"first","18":"instock","19":"taxable","20":"shipping-taxable","21":"purchasable","22":"product-type-variable"},"acf":[],"_links":{"self":[{"href":"https:\/\/www.atta45.se\/e-butik\/wp-json\/wp\/v2\/product\/37017","targetHints":{"allow":["GET"]}}],"collection":[{"href":"https:\/\/www.atta45.se\/e-butik\/wp-json\/wp\/v2\/product"}],"about":[{"href":"https:\/\/www.atta45.se\/e-butik\/wp-json\/wp\/v2\/types\/product"}],"wp:featuredmedia":[{"embeddable":true,"href":"https:\/\/www.atta45.se\/e-butik\/wp-json\/wp\/v2\/media\/37018"}],"wp:attachment":[{"href":"https:\/\/www.atta45.se\/e-butik\/wp-json\/wp\/v2\/media?parent=37017"}],"wp:term":[{"taxonomy":"product_brand","embeddable":true,"href":"https:\/\/www.atta45.se\/e-butik\/wp-json\/wp\/v2\/product_brand?post=37017"},{"taxonomy":"product_cat","embeddable":true,"href":"https:\/\/www.atta45.se\/e-butik\/wp-json\/wp\/v2\/product_cat?post=37017"},{"taxonomy":"product_tag","embeddable":true,"href":"https:\/\/www.atta45.se\/e-butik\/wp-json\/wp\/v2\/product_tag?post=37017"}],"curies":[{"name":"wp","href":"https:\/\/api.w.org\/{rel}","templated":true}]}}