{"id":37001,"date":"2024-12-26T17:55:57","date_gmt":"2024-12-26T16:55:57","guid":{"rendered":"https:\/\/www.atta45.se\/e-butik\/?post_type=product&#038;p=37001"},"modified":"2025-10-27T16:32:20","modified_gmt":"2025-10-27T15:32:20","slug":"uppblasbar-badboll-2","status":"publish","type":"product","link":"https:\/\/www.atta45.se\/e-butik\/produkt\/uppblasbar-badboll-2\/","title":{"rendered":"Badboll uppbl\u00e5sbar PVC Norman"},"content":{"rendered":"<p>Uppbl\u00e5sbar fotbollsm\u00f6nstrad badboll. Inneh\u00e5ller inga phtalater, (mjukmedel). PVC.<\/p>\n","protected":false},"excerpt":{"rendered":"<p>Uppbl\u00e5sbar fotbollsm\u00f6nstrad badboll. Inneh\u00e5ller inga phtalater, (mjukmedel). PVC.<\/p>\n","protected":false},"featured_media":37002,"template":"","meta":{"_acf_changed":false,"_seopress_robots_primary_cat":"","_seopress_titles_title":"","_seopress_titles_desc":"","_seopress_robots_index":""},"product_brand":[],"product_cat":[15],"product_tag":[],"class_list":{"0":"post-37001","1":"product","2":"type-product","3":"status-publish","4":"has-post-thumbnail","6":"product_cat-okategoriserad","7":"atta45_taxonomy-tema-inspiration-branscher-sv","8":"atta45_taxonomy-fritid-sv","9":"atta45_taxonomy-fritid-spel-leksaker-leksaker-sv","10":"atta45_taxonomy-tema-inspiration-branscher-rekreation-sv","11":"atta45_taxonomy-tema-inspiration-sasong-sv","12":"atta45_taxonomy-tema-inspiration-sasong-sommar-sv","13":"atta45_taxonomy-tema-inspiration-ogonblick-sommargladje-sv","14":"atta45_taxonomy-fritid-spel-leksaker-sv","15":"atta45_taxonomy-tema-inspiration-sv","16":"atta45_taxonomy-fritid-spel-leksaker-uppblasbart-strandartiklar-sv","17":"atta45_taxonomy-fritid-uppblasbart-strandartiklar-sv","19":"first","20":"instock","21":"taxable","22":"shipping-taxable","23":"purchasable","24":"product-type-variable"},"acf":[],"_links":{"self":[{"href":"https:\/\/www.atta45.se\/e-butik\/wp-json\/wp\/v2\/product\/37001","targetHints":{"allow":["GET"]}}],"collection":[{"href":"https:\/\/www.atta45.se\/e-butik\/wp-json\/wp\/v2\/product"}],"about":[{"href":"https:\/\/www.atta45.se\/e-butik\/wp-json\/wp\/v2\/types\/product"}],"wp:featuredmedia":[{"embeddable":true,"href":"https:\/\/www.atta45.se\/e-butik\/wp-json\/wp\/v2\/media\/37002"}],"wp:attachment":[{"href":"https:\/\/www.atta45.se\/e-butik\/wp-json\/wp\/v2\/media?parent=37001"}],"wp:term":[{"taxonomy":"product_brand","embeddable":true,"href":"https:\/\/www.atta45.se\/e-butik\/wp-json\/wp\/v2\/product_brand?post=37001"},{"taxonomy":"product_cat","embeddable":true,"href":"https:\/\/www.atta45.se\/e-butik\/wp-json\/wp\/v2\/product_cat?post=37001"},{"taxonomy":"product_tag","embeddable":true,"href":"https:\/\/www.atta45.se\/e-butik\/wp-json\/wp\/v2\/product_tag?post=37001"}],"curies":[{"name":"wp","href":"https:\/\/api.w.org\/{rel}","templated":true}]}}