{"id":36829,"date":"2024-12-26T17:54:50","date_gmt":"2024-12-26T16:54:50","guid":{"rendered":"https:\/\/www.atta45.se\/e-butik\/?post_type=product&#038;p=36829"},"modified":"2025-10-27T16:23:57","modified_gmt":"2025-10-27T15:23:57","slug":"ansiktsfarg-colornation","status":"publish","type":"product","link":"https:\/\/www.atta45.se\/e-butik\/produkt\/ansiktsfarg-colornation\/","title":{"rendered":"Ansiktsf\u00e4rg Colornation"},"content":{"rendered":"<p>Stift i ABS med ansiktsf\u00e4rg i olika f\u00e4rgvarianter som nationsflaggor: Italien 044, England 048, Nederl\u00e4nderna 075, Tyskland 083, Belgien 103, Spanien 297 samt Frankrike 910.<\/p>\n","protected":false},"excerpt":{"rendered":"<p>Stift i ABS med ansiktsf\u00e4rg i olika f\u00e4rgvarianter som nationsflaggor: Italien 044, England 048, Nederl\u00e4nderna 075, Tyskland 083, Belgien 103, Spanien 297 samt Frankrike 910.<\/p>\n","protected":false},"featured_media":36830,"template":"","meta":{"_acf_changed":false,"_seopress_robots_primary_cat":"","_seopress_titles_title":"","_seopress_titles_desc":"","_seopress_robots_index":""},"product_brand":[],"product_cat":[15],"product_tag":[],"class_list":{"0":"post-36829","1":"product","2":"type-product","3":"status-publish","4":"has-post-thumbnail","6":"product_cat-okategoriserad","7":"atta45_taxonomy-fritid-sv","8":"atta45_taxonomy-hem-hushall-sv","9":"atta45_taxonomy-tema-inspiration-branscher-rekreation-sv","10":"atta45_taxonomy-tema-inspiration-ogonblick-sporthandelser-sv","11":"atta45_taxonomy-tema-inspiration-sv","13":"first","14":"instock","15":"taxable","16":"shipping-taxable","17":"purchasable","18":"product-type-variable"},"acf":[],"_links":{"self":[{"href":"https:\/\/www.atta45.se\/e-butik\/wp-json\/wp\/v2\/product\/36829","targetHints":{"allow":["GET"]}}],"collection":[{"href":"https:\/\/www.atta45.se\/e-butik\/wp-json\/wp\/v2\/product"}],"about":[{"href":"https:\/\/www.atta45.se\/e-butik\/wp-json\/wp\/v2\/types\/product"}],"wp:featuredmedia":[{"embeddable":true,"href":"https:\/\/www.atta45.se\/e-butik\/wp-json\/wp\/v2\/media\/36830"}],"wp:attachment":[{"href":"https:\/\/www.atta45.se\/e-butik\/wp-json\/wp\/v2\/media?parent=36829"}],"wp:term":[{"taxonomy":"product_brand","embeddable":true,"href":"https:\/\/www.atta45.se\/e-butik\/wp-json\/wp\/v2\/product_brand?post=36829"},{"taxonomy":"product_cat","embeddable":true,"href":"https:\/\/www.atta45.se\/e-butik\/wp-json\/wp\/v2\/product_cat?post=36829"},{"taxonomy":"product_tag","embeddable":true,"href":"https:\/\/www.atta45.se\/e-butik\/wp-json\/wp\/v2\/product_tag?post=36829"}],"curies":[{"name":"wp","href":"https:\/\/api.w.org\/{rel}","templated":true}]}}