{"id":36541,"date":"2024-12-26T17:52:57","date_gmt":"2024-12-26T16:52:57","guid":{"rendered":"https:\/\/www.atta45.se\/e-butik\/?post_type=product&#038;p=36541"},"modified":"2025-10-27T15:51:18","modified_gmt":"2025-10-27T14:51:18","slug":"fagelholk-med-malarset","status":"publish","type":"product","link":"https:\/\/www.atta45.se\/e-butik\/produkt\/fagelholk-med-malarset\/","title":{"rendered":"F\u00e5gelholk m\u00e5larset Wesley"},"content":{"rendered":"<p>F\u00e5gelholk i tr\u00e4 med m\u00e5larset, inkluderar fyra f\u00e4rger och en pensel.<\/p>\n","protected":false},"excerpt":{"rendered":"<p>F\u00e5gelholk i tr\u00e4 med m\u00e5larset, inkluderar fyra f\u00e4rger och en pensel.<\/p>\n","protected":false},"featured_media":36542,"template":"","meta":{"_acf_changed":false,"_seopress_robots_primary_cat":"","_seopress_titles_title":"","_seopress_titles_desc":"","_seopress_robots_index":""},"product_brand":[],"product_cat":[15],"product_tag":[],"class_list":{"0":"post-36541","1":"product","2":"type-product","3":"status-publish","4":"has-post-thumbnail","6":"product_cat-okategoriserad","7":"atta45_taxonomy-tema-inspiration-branscher-sv","8":"atta45_taxonomy-tema-inspiration-ogonblick-en-gron-planet-sv","9":"atta45_taxonomy-fritid-sv","10":"atta45_taxonomy-tema-inspiration-grona-intryck-sv","11":"atta45_taxonomy-fritid-spel-leksaker-leksaker-sv","12":"atta45_taxonomy-tema-inspiration-branscher-rekreation-sv","13":"atta45_taxonomy-pennor-rit-farglaggning-sv","14":"atta45_taxonomy-fritid-spel-leksaker-rit-farglaggning-sv","15":"atta45_taxonomy-tema-inspiration-sasong-sv","16":"atta45_taxonomy-fritid-spel-leksaker-sv","17":"atta45_taxonomy-tema-inspiration-sv","18":"atta45_taxonomy-tema-inspiration-sasong-var-sv","20":"first","21":"instock","22":"taxable","23":"shipping-taxable","24":"purchasable","25":"product-type-variable"},"acf":[],"_links":{"self":[{"href":"https:\/\/www.atta45.se\/e-butik\/wp-json\/wp\/v2\/product\/36541","targetHints":{"allow":["GET"]}}],"collection":[{"href":"https:\/\/www.atta45.se\/e-butik\/wp-json\/wp\/v2\/product"}],"about":[{"href":"https:\/\/www.atta45.se\/e-butik\/wp-json\/wp\/v2\/types\/product"}],"wp:featuredmedia":[{"embeddable":true,"href":"https:\/\/www.atta45.se\/e-butik\/wp-json\/wp\/v2\/media\/36542"}],"wp:attachment":[{"href":"https:\/\/www.atta45.se\/e-butik\/wp-json\/wp\/v2\/media?parent=36541"}],"wp:term":[{"taxonomy":"product_brand","embeddable":true,"href":"https:\/\/www.atta45.se\/e-butik\/wp-json\/wp\/v2\/product_brand?post=36541"},{"taxonomy":"product_cat","embeddable":true,"href":"https:\/\/www.atta45.se\/e-butik\/wp-json\/wp\/v2\/product_cat?post=36541"},{"taxonomy":"product_tag","embeddable":true,"href":"https:\/\/www.atta45.se\/e-butik\/wp-json\/wp\/v2\/product_tag?post=36541"}],"curies":[{"name":"wp","href":"https:\/\/api.w.org\/{rel}","templated":true}]}}