{"id":36519,"date":"2024-12-26T17:52:49","date_gmt":"2024-12-26T16:52:49","guid":{"rendered":"https:\/\/www.atta45.se\/e-butik\/?post_type=product&#038;p=36519"},"modified":"2025-10-27T15:49:34","modified_gmt":"2025-10-27T14:49:34","slug":"cob-ficklampa","status":"publish","type":"product","link":"https:\/\/www.atta45.se\/e-butik\/produkt\/cob-ficklampa\/","title":{"rendered":"Ficklampa aluminium Beth"},"content":{"rendered":"<p>COB ficklampa i aluminium (1W) med magnet i botten samt en h\u00e5llare f\u00f6r fickan i metall. Batteri ing\u00e5r.<\/p>\n","protected":false},"excerpt":{"rendered":"<p>COB ficklampa i aluminium (1W) med magnet i botten samt en h\u00e5llare f\u00f6r fickan i metall. Batteri ing\u00e5r.<\/p>\n","protected":false},"featured_media":36524,"template":"","meta":{"_acf_changed":false,"_seopress_robots_primary_cat":"","_seopress_titles_title":"","_seopress_titles_desc":"","_seopress_robots_index":""},"product_brand":[],"product_cat":[15],"product_tag":[],"class_list":{"0":"post-36519","1":"product","2":"type-product","3":"status-publish","4":"has-post-thumbnail","6":"product_cat-okategoriserad","7":"atta45_taxonomy-tema-inspiration-ogonblick-arbete-pagar-sv","8":"atta45_taxonomy-fritid-sv","9":"atta45_taxonomy-reflexer-verktyg-sakerhet-lampor-sv","10":"atta45_taxonomy-praktiska-ting-lampor-sv","11":"atta45_taxonomy-fritid-overlevnadsprodukter-sv","12":"atta45_taxonomy-reflexer-verktyg-sakerhet-overlevnadsprodukter-sv","13":"atta45_taxonomy-tema-inspiration-sv","15":"first","16":"instock","17":"taxable","18":"shipping-taxable","19":"purchasable","20":"product-type-variable"},"acf":[],"_links":{"self":[{"href":"https:\/\/www.atta45.se\/e-butik\/wp-json\/wp\/v2\/product\/36519","targetHints":{"allow":["GET"]}}],"collection":[{"href":"https:\/\/www.atta45.se\/e-butik\/wp-json\/wp\/v2\/product"}],"about":[{"href":"https:\/\/www.atta45.se\/e-butik\/wp-json\/wp\/v2\/types\/product"}],"wp:featuredmedia":[{"embeddable":true,"href":"https:\/\/www.atta45.se\/e-butik\/wp-json\/wp\/v2\/media\/36524"}],"wp:attachment":[{"href":"https:\/\/www.atta45.se\/e-butik\/wp-json\/wp\/v2\/media?parent=36519"}],"wp:term":[{"taxonomy":"product_brand","embeddable":true,"href":"https:\/\/www.atta45.se\/e-butik\/wp-json\/wp\/v2\/product_brand?post=36519"},{"taxonomy":"product_cat","embeddable":true,"href":"https:\/\/www.atta45.se\/e-butik\/wp-json\/wp\/v2\/product_cat?post=36519"},{"taxonomy":"product_tag","embeddable":true,"href":"https:\/\/www.atta45.se\/e-butik\/wp-json\/wp\/v2\/product_tag?post=36519"}],"curies":[{"name":"wp","href":"https:\/\/api.w.org\/{rel}","templated":true}]}}