{"id":36391,"date":"2024-12-26T17:51:54","date_gmt":"2024-12-26T16:51:54","guid":{"rendered":"https:\/\/www.atta45.se\/e-butik\/?post_type=product&#038;p=36391"},"modified":"2025-10-27T15:16:14","modified_gmt":"2025-10-27T14:16:14","slug":"fleecefilt-med-renmonster-180-g-m2","status":"publish","type":"product","link":"https:\/\/www.atta45.se\/e-butik\/produkt\/fleecefilt-med-renmonster-180-g-m2\/","title":{"rendered":"Fleecefilt med renm\u00f6nster (180 g\/m2) Jane"},"content":{"rendered":"<p>Pl\u00e4d i polarfleece av 100 %  polyester med julm\u00f6nster. F\u00e4sts ihop med svart polyesterband.<\/p>\n","protected":false},"excerpt":{"rendered":"<p>Pl\u00e4d i polarfleece av 100 % polyester med julm\u00f6nster. F\u00e4sts ihop med svart polyesterband.<\/p>\n","protected":false},"featured_media":36392,"template":"","meta":{"_acf_changed":false,"_seopress_robots_primary_cat":"","_seopress_titles_title":"","_seopress_titles_desc":"","_seopress_robots_index":""},"product_brand":[],"product_cat":[15],"product_tag":[],"class_list":{"0":"post-36391","1":"product","2":"type-product","3":"status-publish","4":"has-post-thumbnail","6":"product_cat-okategoriserad","7":"atta45_taxonomy-tema-inspiration-ogonblick-arsslut-sv","8":"atta45_taxonomy-tema-inspiration-speciella-trycktekniker-brodyr-sv","9":"atta45_taxonomy-fritid-filtar-sv","10":"atta45_taxonomy-textil-fleece-sv","11":"atta45_taxonomy-fritid-fleeceprodukter-sv","12":"atta45_taxonomy-fritid-sv","13":"atta45_taxonomy-textil-handdukar-badrockar-sv","14":"atta45_taxonomy-hem-hushall-sv","15":"atta45_taxonomy-tema-inspiration-ogonblick-jul-sv","16":"atta45_taxonomy-tema-inspiration-ogonblick-sv","17":"atta45_taxonomy-tema-inspiration-sasong-sv","18":"atta45_taxonomy-tema-inspiration-speciella-trycktekniker-sv","19":"atta45_taxonomy-tema-inspiration-sv","20":"atta45_taxonomy-tema-inspiration-sasong-vinter-sv","21":"atta45_taxonomy-fritid-xmas-sv","23":"first","24":"instock","25":"taxable","26":"shipping-taxable","27":"purchasable","28":"product-type-variable"},"acf":[],"_links":{"self":[{"href":"https:\/\/www.atta45.se\/e-butik\/wp-json\/wp\/v2\/product\/36391","targetHints":{"allow":["GET"]}}],"collection":[{"href":"https:\/\/www.atta45.se\/e-butik\/wp-json\/wp\/v2\/product"}],"about":[{"href":"https:\/\/www.atta45.se\/e-butik\/wp-json\/wp\/v2\/types\/product"}],"wp:featuredmedia":[{"embeddable":true,"href":"https:\/\/www.atta45.se\/e-butik\/wp-json\/wp\/v2\/media\/36392"}],"wp:attachment":[{"href":"https:\/\/www.atta45.se\/e-butik\/wp-json\/wp\/v2\/media?parent=36391"}],"wp:term":[{"taxonomy":"product_brand","embeddable":true,"href":"https:\/\/www.atta45.se\/e-butik\/wp-json\/wp\/v2\/product_brand?post=36391"},{"taxonomy":"product_cat","embeddable":true,"href":"https:\/\/www.atta45.se\/e-butik\/wp-json\/wp\/v2\/product_cat?post=36391"},{"taxonomy":"product_tag","embeddable":true,"href":"https:\/\/www.atta45.se\/e-butik\/wp-json\/wp\/v2\/product_tag?post=36391"}],"curies":[{"name":"wp","href":"https:\/\/api.w.org\/{rel}","templated":true}]}}