{"id":36359,"date":"2024-12-26T17:51:44","date_gmt":"2024-12-26T16:51:44","guid":{"rendered":"https:\/\/www.atta45.se\/e-butik\/?post_type=product&#038;p=36359"},"modified":"2025-10-27T15:13:35","modified_gmt":"2025-10-27T14:13:35","slug":"stegraknare-med-armband-i-silikon","status":"publish","type":"product","link":"https:\/\/www.atta45.se\/e-butik\/produkt\/stegraknare-med-armband-i-silikon\/","title":{"rendered":"Stegr\u00e4knare med armband i silikon Tahir"},"content":{"rendered":"<p>Stegr\u00e4knare med armband i silikon. R\u00e4knar steg (upp till 99 999 steg), kalorier och miles\/km. Batterier ing\u00e5r. DC:1.5V.<\/p>\n","protected":false},"excerpt":{"rendered":"<p>Stegr\u00e4knare med armband i silikon. R\u00e4knar steg (upp till 99 999 steg), kalorier och miles\/km. Batterier ing\u00e5r. DC:1.5V.<\/p>\n","protected":false},"featured_media":36360,"template":"","meta":{"_acf_changed":false,"_seopress_robots_primary_cat":"","_seopress_titles_title":"","_seopress_titles_desc":"","_seopress_robots_index":""},"product_brand":[],"product_cat":[15],"product_tag":[],"class_list":{"0":"post-36359","1":"product","2":"type-product","3":"status-publish","4":"has-post-thumbnail","6":"product_cat-okategoriserad","7":"atta45_taxonomy-elektronik-kontor-sv","8":"atta45_taxonomy-fritid-sv","9":"atta45_taxonomy-tema-inspiration-ogonblick-pa-vagen-sv","10":"atta45_taxonomy-fritid-sportartiklar-sv","11":"atta45_taxonomy-fritid-stegraknare-sv","12":"atta45_taxonomy-tema-inspiration-sv","14":"first","15":"instock","16":"taxable","17":"shipping-taxable","18":"purchasable","19":"product-type-variable"},"acf":[],"_links":{"self":[{"href":"https:\/\/www.atta45.se\/e-butik\/wp-json\/wp\/v2\/product\/36359","targetHints":{"allow":["GET"]}}],"collection":[{"href":"https:\/\/www.atta45.se\/e-butik\/wp-json\/wp\/v2\/product"}],"about":[{"href":"https:\/\/www.atta45.se\/e-butik\/wp-json\/wp\/v2\/types\/product"}],"wp:featuredmedia":[{"embeddable":true,"href":"https:\/\/www.atta45.se\/e-butik\/wp-json\/wp\/v2\/media\/36360"}],"wp:attachment":[{"href":"https:\/\/www.atta45.se\/e-butik\/wp-json\/wp\/v2\/media?parent=36359"}],"wp:term":[{"taxonomy":"product_brand","embeddable":true,"href":"https:\/\/www.atta45.se\/e-butik\/wp-json\/wp\/v2\/product_brand?post=36359"},{"taxonomy":"product_cat","embeddable":true,"href":"https:\/\/www.atta45.se\/e-butik\/wp-json\/wp\/v2\/product_cat?post=36359"},{"taxonomy":"product_tag","embeddable":true,"href":"https:\/\/www.atta45.se\/e-butik\/wp-json\/wp\/v2\/product_tag?post=36359"}],"curies":[{"name":"wp","href":"https:\/\/api.w.org\/{rel}","templated":true}]}}