{"id":36289,"date":"2024-12-26T17:51:10","date_gmt":"2024-12-26T16:51:10","guid":{"rendered":"https:\/\/www.atta45.se\/e-butik\/?post_type=product&#038;p=36289"},"modified":"2025-10-27T14:54:47","modified_gmt":"2025-10-27T13:54:47","slug":"armbindel-med-reflekterande-rander","status":"publish","type":"product","link":"https:\/\/www.atta45.se\/e-butik\/produkt\/armbindel-med-reflekterande-rander\/","title":{"rendered":"Armbindel med reflekterande r\u00e4nder Danilo"},"content":{"rendered":"<p>S\u00e4kerhetsbindel f\u00f6r armen med tv\u00e5 reflekterande r\u00e4nder (ej godk\u00e4nd som reflex). Reflexr\u00e4nderna \u00e4r 1 cm breda. Bindeln \u00e4r 32,5 cm l\u00e5ng och har kardborrekn\u00e4ppning.<\/p>\n","protected":false},"excerpt":{"rendered":"<p>S\u00e4kerhetsbindel f\u00f6r armen med tv\u00e5 reflekterande r\u00e4nder (ej godk\u00e4nd som reflex). Reflexr\u00e4nderna \u00e4r 1 cm breda. Bindeln \u00e4r 32,5 cm l\u00e5ng och har kardborrekn\u00e4ppning.<\/p>\n","protected":false},"featured_media":36290,"template":"","meta":{"_acf_changed":false,"_seopress_robots_primary_cat":"","_seopress_titles_title":"","_seopress_titles_desc":"","_seopress_robots_index":""},"product_brand":[],"product_cat":[15],"product_tag":[],"class_list":{"0":"post-36289","1":"product","2":"type-product","3":"status-publish","4":"has-post-thumbnail","6":"product_cat-okategoriserad","7":"atta45_taxonomy-tema-inspiration-ogonblick-arbete-pagar-sv","8":"atta45_taxonomy-reflexer-verktyg-sakerhet-cykeltillbehor-sv","9":"atta45_taxonomy-fritid-sv","10":"atta45_taxonomy-fritid-sportartiklar-sv","11":"atta45_taxonomy-tema-inspiration-sv","13":"first","14":"instock","15":"taxable","16":"shipping-taxable","17":"purchasable","18":"product-type-variable"},"acf":[],"_links":{"self":[{"href":"https:\/\/www.atta45.se\/e-butik\/wp-json\/wp\/v2\/product\/36289","targetHints":{"allow":["GET"]}}],"collection":[{"href":"https:\/\/www.atta45.se\/e-butik\/wp-json\/wp\/v2\/product"}],"about":[{"href":"https:\/\/www.atta45.se\/e-butik\/wp-json\/wp\/v2\/types\/product"}],"wp:featuredmedia":[{"embeddable":true,"href":"https:\/\/www.atta45.se\/e-butik\/wp-json\/wp\/v2\/media\/36290"}],"wp:attachment":[{"href":"https:\/\/www.atta45.se\/e-butik\/wp-json\/wp\/v2\/media?parent=36289"}],"wp:term":[{"taxonomy":"product_brand","embeddable":true,"href":"https:\/\/www.atta45.se\/e-butik\/wp-json\/wp\/v2\/product_brand?post=36289"},{"taxonomy":"product_cat","embeddable":true,"href":"https:\/\/www.atta45.se\/e-butik\/wp-json\/wp\/v2\/product_cat?post=36289"},{"taxonomy":"product_tag","embeddable":true,"href":"https:\/\/www.atta45.se\/e-butik\/wp-json\/wp\/v2\/product_tag?post=36289"}],"curies":[{"name":"wp","href":"https:\/\/api.w.org\/{rel}","templated":true}]}}