{"id":36275,"date":"2024-12-26T17:51:04","date_gmt":"2024-12-26T16:51:04","guid":{"rendered":"https:\/\/www.atta45.se\/e-butik\/?post_type=product&#038;p=36275"},"modified":"2025-10-27T14:44:34","modified_gmt":"2025-10-27T13:44:34","slug":"midjevaska","status":"publish","type":"product","link":"https:\/\/www.atta45.se\/e-butik\/produkt\/midjevaska\/","title":{"rendered":"Midjev\u00e4ska reflekterende polyester lycra (220 gr\/m\u00b2) Bastian"},"content":{"rendered":"<p>Vattenavst\u00f6tande midjev\u00e4ska i polyester med ett reglerbart elastiskt band. Max l\u00e4ngd: 97 cm.<\/p>\n","protected":false},"excerpt":{"rendered":"<p>Vattenavst\u00f6tande midjev\u00e4ska i polyester med ett reglerbart elastiskt band. Max l\u00e4ngd: 97 cm.<\/p>\n","protected":false},"featured_media":36276,"template":"","meta":{"_acf_changed":false,"_seopress_robots_primary_cat":"","_seopress_titles_title":"","_seopress_titles_desc":"","_seopress_robots_index":""},"product_brand":[],"product_cat":[15],"product_tag":[],"class_list":{"0":"post-36275","1":"product","2":"type-product","3":"status-publish","4":"has-post-thumbnail","6":"product_cat-okategoriserad","7":"atta45_taxonomy-reflexer-verktyg-sakerhet-cykeltillbehor-sv","8":"atta45_taxonomy-fritid-sv","9":"atta45_taxonomy-vaskor-resetillbehor-midjevaska-sv","10":"atta45_taxonomy-fritid-overlevnadsprodukter-sv","11":"atta45_taxonomy-reflexer-verktyg-sakerhet-overlevnadsprodukter-sv","12":"atta45_taxonomy-tema-inspiration-ogonblick-pa-vagen-sv","13":"atta45_taxonomy-fritid-sportartiklar-sv","14":"atta45_taxonomy-vaskor-resetillbehor-sport-resvaskor-sv","15":"atta45_taxonomy-tema-inspiration-sv","16":"atta45_taxonomy-reflexer-verktyg-sakerhet-vaskor-sv","17":"atta45_taxonomy-vaskor-resetillbehor-sv","19":"first","20":"instock","21":"taxable","22":"shipping-taxable","23":"purchasable","24":"product-type-variable"},"acf":[],"_links":{"self":[{"href":"https:\/\/www.atta45.se\/e-butik\/wp-json\/wp\/v2\/product\/36275","targetHints":{"allow":["GET"]}}],"collection":[{"href":"https:\/\/www.atta45.se\/e-butik\/wp-json\/wp\/v2\/product"}],"about":[{"href":"https:\/\/www.atta45.se\/e-butik\/wp-json\/wp\/v2\/types\/product"}],"wp:featuredmedia":[{"embeddable":true,"href":"https:\/\/www.atta45.se\/e-butik\/wp-json\/wp\/v2\/media\/36276"}],"wp:attachment":[{"href":"https:\/\/www.atta45.se\/e-butik\/wp-json\/wp\/v2\/media?parent=36275"}],"wp:term":[{"taxonomy":"product_brand","embeddable":true,"href":"https:\/\/www.atta45.se\/e-butik\/wp-json\/wp\/v2\/product_brand?post=36275"},{"taxonomy":"product_cat","embeddable":true,"href":"https:\/\/www.atta45.se\/e-butik\/wp-json\/wp\/v2\/product_cat?post=36275"},{"taxonomy":"product_tag","embeddable":true,"href":"https:\/\/www.atta45.se\/e-butik\/wp-json\/wp\/v2\/product_tag?post=36275"}],"curies":[{"name":"wp","href":"https:\/\/api.w.org\/{rel}","templated":true}]}}