{"id":36263,"date":"2024-12-26T17:50:58","date_gmt":"2024-12-26T16:50:58","guid":{"rendered":"https:\/\/www.atta45.se\/e-butik\/?post_type=product&#038;p=36263"},"modified":"2025-10-27T14:43:39","modified_gmt":"2025-10-27T13:43:39","slug":"cob-udragbar-campinglykta","status":"publish","type":"product","link":"https:\/\/www.atta45.se\/e-butik\/produkt\/cob-udragbar-campinglykta\/","title":{"rendered":"Campinglykta COB udragbar Jordan"},"content":{"rendered":"<p>Utdragbar campinglykta i ABS med tre COB lampor. Lampan har h\u00e5llare i metall p\u00e5 varje sida. Batterier ing\u00e5r.<\/p>\n","protected":false},"excerpt":{"rendered":"<p>Utdragbar campinglykta i ABS med tre COB lampor. Lampan har h\u00e5llare i metall p\u00e5 varje sida. Batterier ing\u00e5r.<\/p>\n","protected":false},"featured_media":36264,"template":"","meta":{"_acf_changed":false,"_seopress_robots_primary_cat":"","_seopress_titles_title":"","_seopress_titles_desc":"","_seopress_robots_index":""},"product_brand":[],"product_cat":[15],"product_tag":[],"class_list":{"0":"post-36263","1":"product","2":"type-product","3":"status-publish","4":"has-post-thumbnail","6":"product_cat-okategoriserad","7":"atta45_taxonomy-fritid-sv","8":"atta45_taxonomy-reflexer-verktyg-sakerhet-overlevnadsprodukter-sv","9":"atta45_taxonomy-fritid-overlevnadsprodukter-sv","10":"atta45_taxonomy-fritid-picknickset-sv","12":"first","13":"instock","14":"taxable","15":"shipping-taxable","16":"purchasable","17":"product-type-variable"},"acf":[],"_links":{"self":[{"href":"https:\/\/www.atta45.se\/e-butik\/wp-json\/wp\/v2\/product\/36263","targetHints":{"allow":["GET"]}}],"collection":[{"href":"https:\/\/www.atta45.se\/e-butik\/wp-json\/wp\/v2\/product"}],"about":[{"href":"https:\/\/www.atta45.se\/e-butik\/wp-json\/wp\/v2\/types\/product"}],"wp:featuredmedia":[{"embeddable":true,"href":"https:\/\/www.atta45.se\/e-butik\/wp-json\/wp\/v2\/media\/36264"}],"wp:attachment":[{"href":"https:\/\/www.atta45.se\/e-butik\/wp-json\/wp\/v2\/media?parent=36263"}],"wp:term":[{"taxonomy":"product_brand","embeddable":true,"href":"https:\/\/www.atta45.se\/e-butik\/wp-json\/wp\/v2\/product_brand?post=36263"},{"taxonomy":"product_cat","embeddable":true,"href":"https:\/\/www.atta45.se\/e-butik\/wp-json\/wp\/v2\/product_cat?post=36263"},{"taxonomy":"product_tag","embeddable":true,"href":"https:\/\/www.atta45.se\/e-butik\/wp-json\/wp\/v2\/product_tag?post=36263"}],"curies":[{"name":"wp","href":"https:\/\/api.w.org\/{rel}","templated":true}]}}