{"id":36231,"date":"2024-12-26T17:50:44","date_gmt":"2024-12-26T16:50:44","guid":{"rendered":"https:\/\/www.atta45.se\/e-butik\/?post_type=product&#038;p=36231"},"modified":"2025-10-27T14:41:45","modified_gmt":"2025-10-27T13:41:45","slug":"picnic-filt-i-fleece","status":"publish","type":"product","link":"https:\/\/www.atta45.se\/e-butik\/produkt\/picnic-filt-i-fleece\/","title":{"rendered":"Picnic-filt i fleece (150 gr\/m\u00b2) Danielle"},"content":{"rendered":"<p>Picnic-filt i fleece med vattent\u00e4t undersida av PEVA samt stoppning av skumgummi. Viks ihop och \u00e4r enkel att b\u00e4ra i ett b\u00e4rhandtag.<\/p>\n","protected":false},"excerpt":{"rendered":"<p>Picnic-filt i fleece med vattent\u00e4t undersida av PEVA samt stoppning av skumgummi. Viks ihop och \u00e4r enkel att b\u00e4ra i ett b\u00e4rhandtag.<\/p>\n","protected":false},"featured_media":36232,"template":"","meta":{"_acf_changed":false,"_seopress_robots_primary_cat":"","_seopress_titles_title":"","_seopress_titles_desc":"","_seopress_robots_index":""},"product_brand":[],"product_cat":[15],"product_tag":[],"class_list":{"0":"post-36231","1":"product","2":"type-product","3":"status-publish","4":"has-post-thumbnail","6":"product_cat-okategoriserad","7":"atta45_taxonomy-tema-inspiration-ogonblick-arsslut-sv","8":"atta45_taxonomy-fritid-filtar-sv","9":"atta45_taxonomy-textil-fleece-sv","10":"atta45_taxonomy-fritid-fleeceprodukter-sv","11":"atta45_taxonomy-fritid-sv","12":"atta45_taxonomy-textil-handdukar-badrockar-sv","13":"atta45_taxonomy-hem-hushall-sv","14":"atta45_taxonomy-reflexer-verktyg-sakerhet-overlevnadsprodukter-sv","15":"atta45_taxonomy-fritid-overlevnadsprodukter-sv","16":"atta45_taxonomy-fritid-picknickset-sv","17":"atta45_taxonomy-tema-inspiration-sasong-sv","18":"atta45_taxonomy-tema-inspiration-sasong-sommar-sv","19":"atta45_taxonomy-tema-inspiration-sv","20":"atta45_taxonomy-tema-inspiration-sasong-var-sv","22":"first","23":"instock","24":"taxable","25":"shipping-taxable","26":"purchasable","27":"product-type-variable"},"acf":[],"_links":{"self":[{"href":"https:\/\/www.atta45.se\/e-butik\/wp-json\/wp\/v2\/product\/36231","targetHints":{"allow":["GET"]}}],"collection":[{"href":"https:\/\/www.atta45.se\/e-butik\/wp-json\/wp\/v2\/product"}],"about":[{"href":"https:\/\/www.atta45.se\/e-butik\/wp-json\/wp\/v2\/types\/product"}],"wp:featuredmedia":[{"embeddable":true,"href":"https:\/\/www.atta45.se\/e-butik\/wp-json\/wp\/v2\/media\/36232"}],"wp:attachment":[{"href":"https:\/\/www.atta45.se\/e-butik\/wp-json\/wp\/v2\/media?parent=36231"}],"wp:term":[{"taxonomy":"product_brand","embeddable":true,"href":"https:\/\/www.atta45.se\/e-butik\/wp-json\/wp\/v2\/product_brand?post=36231"},{"taxonomy":"product_cat","embeddable":true,"href":"https:\/\/www.atta45.se\/e-butik\/wp-json\/wp\/v2\/product_cat?post=36231"},{"taxonomy":"product_tag","embeddable":true,"href":"https:\/\/www.atta45.se\/e-butik\/wp-json\/wp\/v2\/product_tag?post=36231"}],"curies":[{"name":"wp","href":"https:\/\/api.w.org\/{rel}","templated":true}]}}