{"id":36095,"date":"2024-12-26T17:49:41","date_gmt":"2024-12-26T16:49:41","guid":{"rendered":"https:\/\/www.atta45.se\/e-butik\/?post_type=product&#038;p=36095"},"modified":"2025-10-27T14:08:47","modified_gmt":"2025-10-27T13:08:47","slug":"drake-i-polyester-190t","status":"publish","type":"product","link":"https:\/\/www.atta45.se\/e-butik\/produkt\/drake-i-polyester-190t\/","title":{"rendered":"Drake i polyester (190T) Lina"},"content":{"rendered":"<p>Drake att f\u00e4rgl\u00e4gga sj\u00e4lv. Levereras med 4 tuschpennor.<\/p>\n","protected":false},"excerpt":{"rendered":"<p>Drake att f\u00e4rgl\u00e4gga sj\u00e4lv. Levereras med 4 tuschpennor.<\/p>\n","protected":false},"featured_media":36096,"template":"","meta":{"_acf_changed":false,"_seopress_robots_primary_cat":"","_seopress_titles_title":"","_seopress_titles_desc":"","_seopress_robots_index":""},"product_brand":[],"product_cat":[15],"product_tag":[],"class_list":{"0":"post-36095","1":"product","2":"type-product","3":"status-publish","4":"has-post-thumbnail","6":"product_cat-okategoriserad","7":"atta45_taxonomy-tema-inspiration-branscher-sv","8":"atta45_taxonomy-fritid-sv","9":"atta45_taxonomy-fritid-spel-leksaker-leksaker-sv","10":"atta45_taxonomy-tema-inspiration-branscher-rekreation-sv","11":"atta45_taxonomy-fritid-spel-leksaker-rit-farglaggning-sv","12":"atta45_taxonomy-pennor-rit-farglaggning-sv","13":"atta45_taxonomy-tema-inspiration-sasong-sv","14":"atta45_taxonomy-tema-inspiration-sasong-sommar-sv","15":"atta45_taxonomy-tema-inspiration-ogonblick-sommargladje-sv","16":"atta45_taxonomy-fritid-spel-leksaker-sv","17":"atta45_taxonomy-tema-inspiration-sv","18":"atta45_taxonomy-fritid-spel-leksaker-uppblasbart-strandartiklar-sv","19":"atta45_taxonomy-tema-inspiration-sasong-var-sv","21":"first","22":"instock","23":"taxable","24":"shipping-taxable","25":"purchasable","26":"product-type-variable"},"acf":[],"_links":{"self":[{"href":"https:\/\/www.atta45.se\/e-butik\/wp-json\/wp\/v2\/product\/36095","targetHints":{"allow":["GET"]}}],"collection":[{"href":"https:\/\/www.atta45.se\/e-butik\/wp-json\/wp\/v2\/product"}],"about":[{"href":"https:\/\/www.atta45.se\/e-butik\/wp-json\/wp\/v2\/types\/product"}],"wp:featuredmedia":[{"embeddable":true,"href":"https:\/\/www.atta45.se\/e-butik\/wp-json\/wp\/v2\/media\/36096"}],"wp:attachment":[{"href":"https:\/\/www.atta45.se\/e-butik\/wp-json\/wp\/v2\/media?parent=36095"}],"wp:term":[{"taxonomy":"product_brand","embeddable":true,"href":"https:\/\/www.atta45.se\/e-butik\/wp-json\/wp\/v2\/product_brand?post=36095"},{"taxonomy":"product_cat","embeddable":true,"href":"https:\/\/www.atta45.se\/e-butik\/wp-json\/wp\/v2\/product_cat?post=36095"},{"taxonomy":"product_tag","embeddable":true,"href":"https:\/\/www.atta45.se\/e-butik\/wp-json\/wp\/v2\/product_tag?post=36095"}],"curies":[{"name":"wp","href":"https:\/\/api.w.org\/{rel}","templated":true}]}}