{"id":36037,"date":"2024-12-26T17:49:16","date_gmt":"2024-12-26T16:49:16","guid":{"rendered":"https:\/\/www.atta45.se\/e-butik\/?post_type=product&#038;p=36037"},"modified":"2025-10-28T00:27:14","modified_gmt":"2025-10-27T23:27:14","slug":"picknick-ryggsack-med-kylfack-i-polyester-600d","status":"publish","type":"product","link":"https:\/\/www.atta45.se\/e-butik\/produkt\/picknick-ryggsack-med-kylfack-i-polyester-600d\/","title":{"rendered":"Picknick-ryggs\u00e4ck med kylfack, i polyester (600D) Izaro"},"content":{"rendered":"<p>Picknick-ryggs\u00e4ck i polyester (600D) med huvudfack som kylbag. Fack p\u00e5 framsidan med tallrikar och bestick f\u00f6r fyra personer. Vinglas i plast, tallrikar i plast, bestick i metall med plasthandtag.<\/p>\n","protected":false},"excerpt":{"rendered":"<p>Picknick-ryggs\u00e4ck i polyester (600D) med huvudfack som kylbag. Fack p\u00e5 framsidan med tallrikar och bestick f\u00f6r fyra personer. Vinglas i plast, tallrikar i plast, bestick i metall med plasthandtag.<\/p>\n","protected":false},"featured_media":36038,"template":"","meta":{"_acf_changed":false,"_seopress_robots_primary_cat":"","_seopress_titles_title":"","_seopress_titles_desc":"","_seopress_robots_index":""},"product_brand":[],"product_cat":[15],"product_tag":[],"class_list":{"0":"post-36037","1":"product","2":"type-product","3":"status-publish","4":"has-post-thumbnail","6":"product_cat-okategoriserad","7":"atta45_taxonomy-tema-inspiration-ogonblick-arsslut-sv","8":"atta45_taxonomy-fritid-sv","9":"atta45_taxonomy-fritid-picknickset-sv","10":"atta45_taxonomy-tema-inspiration-sasong-sv","11":"atta45_taxonomy-tema-inspiration-sasong-sommar-sv","12":"atta45_taxonomy-tema-inspiration-ogonblick-sommargladje-sv","13":"atta45_taxonomy-tema-inspiration-sv","14":"atta45_taxonomy-tema-inspiration-sasong-var-sv","15":"atta45_taxonomy-vaskor-resetillbehor-sv","17":"first","18":"instock","19":"taxable","20":"shipping-taxable","21":"purchasable","22":"product-type-variable"},"acf":[],"_links":{"self":[{"href":"https:\/\/www.atta45.se\/e-butik\/wp-json\/wp\/v2\/product\/36037","targetHints":{"allow":["GET"]}}],"collection":[{"href":"https:\/\/www.atta45.se\/e-butik\/wp-json\/wp\/v2\/product"}],"about":[{"href":"https:\/\/www.atta45.se\/e-butik\/wp-json\/wp\/v2\/types\/product"}],"wp:featuredmedia":[{"embeddable":true,"href":"https:\/\/www.atta45.se\/e-butik\/wp-json\/wp\/v2\/media\/36038"}],"wp:attachment":[{"href":"https:\/\/www.atta45.se\/e-butik\/wp-json\/wp\/v2\/media?parent=36037"}],"wp:term":[{"taxonomy":"product_brand","embeddable":true,"href":"https:\/\/www.atta45.se\/e-butik\/wp-json\/wp\/v2\/product_brand?post=36037"},{"taxonomy":"product_cat","embeddable":true,"href":"https:\/\/www.atta45.se\/e-butik\/wp-json\/wp\/v2\/product_cat?post=36037"},{"taxonomy":"product_tag","embeddable":true,"href":"https:\/\/www.atta45.se\/e-butik\/wp-json\/wp\/v2\/product_tag?post=36037"}],"curies":[{"name":"wp","href":"https:\/\/api.w.org\/{rel}","templated":true}]}}