{"id":35846,"date":"2024-12-26T17:45:13","date_gmt":"2024-12-26T16:45:13","guid":{"rendered":"https:\/\/www.atta45.se\/e-butik\/?post_type=product&#038;p=35846"},"modified":"2025-10-28T00:14:32","modified_gmt":"2025-10-27T23:14:32","slug":"plockredskap-83-cm","status":"publish","type":"product","link":"https:\/\/www.atta45.se\/e-butik\/produkt\/plockredskap-83-cm\/","title":{"rendered":"Skr\u00e4pplockare St\u00e5l Olga"},"content":{"rendered":"<p>Plockredskap, 83 cm l\u00e5ngt, i svart med r\u00f6d del p\u00e5 handtaget. I PP med skaft i st\u00e5l.<\/p>\n","protected":false},"excerpt":{"rendered":"<p>Plockredskap, 83 cm l\u00e5ngt, i svart med r\u00f6d del p\u00e5 handtaget. I PP med skaft i st\u00e5l.<\/p>\n","protected":false},"featured_media":35847,"template":"","meta":{"_acf_changed":false,"_seopress_robots_primary_cat":"","_seopress_titles_title":"","_seopress_titles_desc":"","_seopress_robots_index":""},"product_brand":[],"product_cat":[15],"product_tag":[],"class_list":{"0":"post-35846","1":"product","2":"type-product","3":"status-publish","4":"has-post-thumbnail","6":"product_cat-okategoriserad","7":"atta45_taxonomy-tema-inspiration-ogonblick-arbete-pagar-sv","8":"atta45_taxonomy-fritid-sv","9":"atta45_taxonomy-tema-inspiration-sv","10":"atta45_taxonomy-fritid-uppblasbart-strandartiklar-sv","12":"first","13":"instock","14":"taxable","15":"shipping-taxable","16":"purchasable","17":"product-type-variable"},"acf":[],"_links":{"self":[{"href":"https:\/\/www.atta45.se\/e-butik\/wp-json\/wp\/v2\/product\/35846","targetHints":{"allow":["GET"]}}],"collection":[{"href":"https:\/\/www.atta45.se\/e-butik\/wp-json\/wp\/v2\/product"}],"about":[{"href":"https:\/\/www.atta45.se\/e-butik\/wp-json\/wp\/v2\/types\/product"}],"wp:featuredmedia":[{"embeddable":true,"href":"https:\/\/www.atta45.se\/e-butik\/wp-json\/wp\/v2\/media\/35847"}],"wp:attachment":[{"href":"https:\/\/www.atta45.se\/e-butik\/wp-json\/wp\/v2\/media?parent=35846"}],"wp:term":[{"taxonomy":"product_brand","embeddable":true,"href":"https:\/\/www.atta45.se\/e-butik\/wp-json\/wp\/v2\/product_brand?post=35846"},{"taxonomy":"product_cat","embeddable":true,"href":"https:\/\/www.atta45.se\/e-butik\/wp-json\/wp\/v2\/product_cat?post=35846"},{"taxonomy":"product_tag","embeddable":true,"href":"https:\/\/www.atta45.se\/e-butik\/wp-json\/wp\/v2\/product_tag?post=35846"}],"curies":[{"name":"wp","href":"https:\/\/api.w.org\/{rel}","templated":true}]}}