{"id":35704,"date":"2024-12-26T17:44:17","date_gmt":"2024-12-26T16:44:17","guid":{"rendered":"https:\/\/www.atta45.se\/e-butik\/?post_type=product&#038;p=35704"},"modified":"2025-10-27T23:52:52","modified_gmt":"2025-10-27T22:52:52","slug":"strandtennis","status":"publish","type":"product","link":"https:\/\/www.atta45.se\/e-butik\/produkt\/strandtennis\/","title":{"rendered":"Strandtennis set Eliza"},"content":{"rendered":"<p>Strandtennis, ett set med tv\u00e5 racket i tr\u00e4 med f\u00e4rgade plasthandtag och matchande boll. Leverereras i ett vit n\u00e4t. Logom\u00e4rkning som visas \u00e4r p\u00e5 en position (en produkt).<\/p>\n","protected":false},"excerpt":{"rendered":"<p>Strandtennis, ett set med tv\u00e5 racket i tr\u00e4 med f\u00e4rgade plasthandtag och matchande boll. Leverereras i ett vit n\u00e4t. Logom\u00e4rkning som visas \u00e4r p\u00e5 en position (en produkt).<\/p>\n","protected":false},"featured_media":35705,"template":"","meta":{"_acf_changed":false,"_seopress_robots_primary_cat":"","_seopress_titles_title":"","_seopress_titles_desc":"","_seopress_robots_index":""},"product_brand":[],"product_cat":[15],"product_tag":[],"class_list":{"0":"post-35704","1":"product","2":"type-product","3":"status-publish","4":"has-post-thumbnail","6":"product_cat-okategoriserad","7":"atta45_taxonomy-tema-inspiration-branscher-sv","8":"atta45_taxonomy-fritid-sv","9":"atta45_taxonomy-tema-inspiration-branscher-rekreation-sv","10":"atta45_taxonomy-tema-inspiration-sasong-sv","11":"atta45_taxonomy-tema-inspiration-sasong-sommar-sv","12":"atta45_taxonomy-tema-inspiration-ogonblick-sommargladje-sv","13":"atta45_taxonomy-fritid-spel-leksaker-sv","14":"atta45_taxonomy-tema-inspiration-sv","15":"atta45_taxonomy-fritid-uppblasbart-strandartiklar-sv","16":"atta45_taxonomy-fritid-spel-leksaker-uppblasbart-strandartiklar-sv","18":"first","19":"instock","20":"taxable","21":"shipping-taxable","22":"purchasable","23":"product-type-variable"},"acf":[],"_links":{"self":[{"href":"https:\/\/www.atta45.se\/e-butik\/wp-json\/wp\/v2\/product\/35704","targetHints":{"allow":["GET"]}}],"collection":[{"href":"https:\/\/www.atta45.se\/e-butik\/wp-json\/wp\/v2\/product"}],"about":[{"href":"https:\/\/www.atta45.se\/e-butik\/wp-json\/wp\/v2\/types\/product"}],"wp:featuredmedia":[{"embeddable":true,"href":"https:\/\/www.atta45.se\/e-butik\/wp-json\/wp\/v2\/media\/35705"}],"wp:attachment":[{"href":"https:\/\/www.atta45.se\/e-butik\/wp-json\/wp\/v2\/media?parent=35704"}],"wp:term":[{"taxonomy":"product_brand","embeddable":true,"href":"https:\/\/www.atta45.se\/e-butik\/wp-json\/wp\/v2\/product_brand?post=35704"},{"taxonomy":"product_cat","embeddable":true,"href":"https:\/\/www.atta45.se\/e-butik\/wp-json\/wp\/v2\/product_cat?post=35704"},{"taxonomy":"product_tag","embeddable":true,"href":"https:\/\/www.atta45.se\/e-butik\/wp-json\/wp\/v2\/product_tag?post=35704"}],"curies":[{"name":"wp","href":"https:\/\/api.w.org\/{rel}","templated":true}]}}