{"id":356720,"date":"2025-04-19T05:39:13","date_gmt":"2025-04-19T03:39:13","guid":{"rendered":"https:\/\/www.atta45.se\/e-butik\/produkt\/summer-ii-kids-kids-polo-shirt\/"},"modified":"2025-10-28T02:29:46","modified_gmt":"2025-10-28T01:29:46","slug":"summer-ii-kids-kids-polo-shirt","status":"publish","type":"product","link":"https:\/\/www.atta45.se\/e-butik\/produkt\/summer-ii-kids-kids-polo-shirt\/","title":{"rendered":"Pik\u00e9tr\u00f6ja &#8211; f\u00f6r barn Summer Ii Kids"},"content":{"rendered":"<p>KIDS&#8217; POLO SHIRT (SUMMER II KIDS)<\/p>\n<p>100% combed Ringspun cotton<br \/>Rib collar<br \/>Reinforcing tape on neck<br \/>Short sleeves<br \/>Tone on tone 3 button placket<br \/>Straight hem with side slits<br \/>Cut and sewn<br \/>PIQU\u00c9 170<br \/>Available in: 4 years &#8211; 12 years<\/p>\n","protected":false},"excerpt":{"rendered":"<p>KIDS&#8217; POLO SHIRT (SUMMER II KIDS) 100% combed Ringspun cottonRib collarReinforcing tape on neckShort sleevesTone on tone 3 button placketStraight hem with side slitsCut and sewnPIQU\u00c9 170Available in: 4 years &#8211; 12 years<\/p>\n","protected":false},"featured_media":356862,"template":"","meta":{"_acf_changed":false,"_seopress_robots_primary_cat":"","_seopress_titles_title":"","_seopress_titles_desc":"","_seopress_robots_index":""},"product_brand":[],"product_cat":[15],"product_tag":[],"class_list":{"0":"post-356720","1":"product","2":"type-product","3":"status-publish","4":"has-post-thumbnail","6":"product_cat-okategoriserad","7":"atta45_taxonomy-textil-piketrojor-tennistrojor-sv","9":"first","10":"instock","11":"taxable","12":"shipping-taxable","13":"purchasable","14":"product-type-variable"},"acf":[],"_links":{"self":[{"href":"https:\/\/www.atta45.se\/e-butik\/wp-json\/wp\/v2\/product\/356720","targetHints":{"allow":["GET"]}}],"collection":[{"href":"https:\/\/www.atta45.se\/e-butik\/wp-json\/wp\/v2\/product"}],"about":[{"href":"https:\/\/www.atta45.se\/e-butik\/wp-json\/wp\/v2\/types\/product"}],"wp:featuredmedia":[{"embeddable":true,"href":"https:\/\/www.atta45.se\/e-butik\/wp-json\/wp\/v2\/media\/356862"}],"wp:attachment":[{"href":"https:\/\/www.atta45.se\/e-butik\/wp-json\/wp\/v2\/media?parent=356720"}],"wp:term":[{"taxonomy":"product_brand","embeddable":true,"href":"https:\/\/www.atta45.se\/e-butik\/wp-json\/wp\/v2\/product_brand?post=356720"},{"taxonomy":"product_cat","embeddable":true,"href":"https:\/\/www.atta45.se\/e-butik\/wp-json\/wp\/v2\/product_cat?post=356720"},{"taxonomy":"product_tag","embeddable":true,"href":"https:\/\/www.atta45.se\/e-butik\/wp-json\/wp\/v2\/product_tag?post=356720"}],"curies":[{"name":"wp","href":"https:\/\/api.w.org\/{rel}","templated":true}]}}