{"id":35638,"date":"2024-12-26T17:43:48","date_gmt":"2024-12-26T16:43:48","guid":{"rendered":"https:\/\/www.atta45.se\/e-butik\/?post_type=product&#038;p=35638"},"modified":"2025-10-27T23:44:33","modified_gmt":"2025-10-27T22:44:33","slug":"minikylskap","status":"publish","type":"product","link":"https:\/\/www.atta45.se\/e-butik\/produkt\/minikylskap\/","title":{"rendered":"Minikylsk\u00e5p ABS Kaleida"},"content":{"rendered":"<p>Mini kyl-\/v\u00e4rmesk\u00e5p p\u00e5 4 liter, (klarar 6 burkar). Drivs p\u00e5 12V eller n\u00e4tdrift 100-240V. Anslutningssladdar f\u00f6r 12V-uttag och eln\u00e4t medf\u00f6ljer.<\/p>\n","protected":false},"excerpt":{"rendered":"<p>Mini kyl-\/v\u00e4rmesk\u00e5p p\u00e5 4 liter, (klarar 6 burkar). Drivs p\u00e5 12V eller n\u00e4tdrift 100-240V. Anslutningssladdar f\u00f6r 12V-uttag och eln\u00e4t medf\u00f6ljer.<\/p>\n","protected":false},"featured_media":35639,"template":"","meta":{"_acf_changed":false,"_seopress_robots_primary_cat":"","_seopress_titles_title":"","_seopress_titles_desc":"","_seopress_robots_index":""},"product_brand":[],"product_cat":[15],"product_tag":[],"class_list":{"0":"post-35638","1":"product","2":"type-product","3":"status-publish","4":"has-post-thumbnail","6":"product_cat-okategoriserad","7":"atta45_taxonomy-fritid-sv","8":"atta45_taxonomy-tema-inspiration-ogonblick-kontorsliv-sv","9":"atta45_taxonomy-fritid-picknickset-sv","10":"atta45_taxonomy-tema-inspiration-sv","12":"first","13":"instock","14":"taxable","15":"shipping-taxable","16":"purchasable","17":"product-type-variable"},"acf":[],"_links":{"self":[{"href":"https:\/\/www.atta45.se\/e-butik\/wp-json\/wp\/v2\/product\/35638","targetHints":{"allow":["GET"]}}],"collection":[{"href":"https:\/\/www.atta45.se\/e-butik\/wp-json\/wp\/v2\/product"}],"about":[{"href":"https:\/\/www.atta45.se\/e-butik\/wp-json\/wp\/v2\/types\/product"}],"wp:featuredmedia":[{"embeddable":true,"href":"https:\/\/www.atta45.se\/e-butik\/wp-json\/wp\/v2\/media\/35639"}],"wp:attachment":[{"href":"https:\/\/www.atta45.se\/e-butik\/wp-json\/wp\/v2\/media?parent=35638"}],"wp:term":[{"taxonomy":"product_brand","embeddable":true,"href":"https:\/\/www.atta45.se\/e-butik\/wp-json\/wp\/v2\/product_brand?post=35638"},{"taxonomy":"product_cat","embeddable":true,"href":"https:\/\/www.atta45.se\/e-butik\/wp-json\/wp\/v2\/product_cat?post=35638"},{"taxonomy":"product_tag","embeddable":true,"href":"https:\/\/www.atta45.se\/e-butik\/wp-json\/wp\/v2\/product_tag?post=35638"}],"curies":[{"name":"wp","href":"https:\/\/api.w.org\/{rel}","templated":true}]}}