{"id":35626,"date":"2024-12-26T17:43:42","date_gmt":"2024-12-26T16:43:42","guid":{"rendered":"https:\/\/www.atta45.se\/e-butik\/?post_type=product&#038;p=35626"},"modified":"2025-10-27T23:43:35","modified_gmt":"2025-10-27T22:43:35","slug":"grilltang-med-gummigrepp","status":"publish","type":"product","link":"https:\/\/www.atta45.se\/e-butik\/produkt\/grilltang-med-gummigrepp\/","title":{"rendered":"Grillt\u00e5ng med gummigrepp Maeve"},"content":{"rendered":"<p>Grillt\u00e5ng i metall med greppytor av svart solidf\u00e4rgad v\u00e4rmeresistent plast. T\u00e5ngen har \u00e4ven en \u00f6gla av plast f\u00f6r upph\u00e4ngning.<\/p>\n","protected":false},"excerpt":{"rendered":"<p>Grillt\u00e5ng i metall med greppytor av svart solidf\u00e4rgad v\u00e4rmeresistent plast. T\u00e5ngen har \u00e4ven en \u00f6gla av plast f\u00f6r upph\u00e4ngning.<\/p>\n","protected":false},"featured_media":35627,"template":"","meta":{"_acf_changed":false,"_seopress_robots_primary_cat":"","_seopress_titles_title":"","_seopress_titles_desc":"","_seopress_robots_index":""},"product_brand":[],"product_cat":[15],"product_tag":[],"class_list":{"0":"post-35626","1":"product","2":"type-product","3":"status-publish","4":"has-post-thumbnail","6":"product_cat-okategoriserad","7":"atta45_taxonomy-fritid-sv","8":"atta45_taxonomy-fritid-grilltillbehor-sv","9":"atta45_taxonomy-hem-hushall-koksartiklar-sv","10":"atta45_taxonomy-tema-inspiration-speciella-trycktekniker-name-it-sv","11":"atta45_taxonomy-tema-inspiration-sasong-sv","12":"atta45_taxonomy-tema-inspiration-sasong-sommar-sv","13":"atta45_taxonomy-tema-inspiration-ogonblick-sommargladje-sv","14":"atta45_taxonomy-tema-inspiration-sv","15":"atta45_taxonomy-tema-inspiration-sasong-var-sv","17":"first","18":"instock","19":"taxable","20":"shipping-taxable","21":"purchasable","22":"product-type-variable"},"acf":[],"_links":{"self":[{"href":"https:\/\/www.atta45.se\/e-butik\/wp-json\/wp\/v2\/product\/35626","targetHints":{"allow":["GET"]}}],"collection":[{"href":"https:\/\/www.atta45.se\/e-butik\/wp-json\/wp\/v2\/product"}],"about":[{"href":"https:\/\/www.atta45.se\/e-butik\/wp-json\/wp\/v2\/types\/product"}],"wp:featuredmedia":[{"embeddable":true,"href":"https:\/\/www.atta45.se\/e-butik\/wp-json\/wp\/v2\/media\/35627"}],"wp:attachment":[{"href":"https:\/\/www.atta45.se\/e-butik\/wp-json\/wp\/v2\/media?parent=35626"}],"wp:term":[{"taxonomy":"product_brand","embeddable":true,"href":"https:\/\/www.atta45.se\/e-butik\/wp-json\/wp\/v2\/product_brand?post=35626"},{"taxonomy":"product_cat","embeddable":true,"href":"https:\/\/www.atta45.se\/e-butik\/wp-json\/wp\/v2\/product_cat?post=35626"},{"taxonomy":"product_tag","embeddable":true,"href":"https:\/\/www.atta45.se\/e-butik\/wp-json\/wp\/v2\/product_tag?post=35626"}],"curies":[{"name":"wp","href":"https:\/\/api.w.org\/{rel}","templated":true}]}}