{"id":35612,"date":"2024-12-26T17:43:36","date_gmt":"2024-12-26T16:43:36","guid":{"rendered":"https:\/\/www.atta45.se\/e-butik\/?post_type=product&#038;p=35612"},"modified":"2025-10-27T23:42:19","modified_gmt":"2025-10-27T22:42:19","slug":"kikare-4x30-forstoring","status":"publish","type":"product","link":"https:\/\/www.atta45.se\/e-butik\/produkt\/kikare-4x30-forstoring\/","title":{"rendered":"Kikare i plast Miranda"},"content":{"rendered":"<p>Kikare av aluminium med 4 x 30 lins och gummigrepp. Reng\u00f6ringsduk och nylonv\u00e4ska med b\u00e4ltes\u00f6gla medf\u00f6ljer.<\/p>\n","protected":false},"excerpt":{"rendered":"<p>Kikare av aluminium med 4 x 30 lins och gummigrepp. Reng\u00f6ringsduk och nylonv\u00e4ska med b\u00e4ltes\u00f6gla medf\u00f6ljer.<\/p>\n","protected":false},"featured_media":35613,"template":"","meta":{"_acf_changed":false,"_seopress_robots_primary_cat":"","_seopress_titles_title":"","_seopress_titles_desc":"","_seopress_robots_index":""},"product_brand":[],"product_cat":[15],"product_tag":[],"class_list":{"0":"post-35612","1":"product","2":"type-product","3":"status-publish","4":"has-post-thumbnail","6":"product_cat-okategoriserad","7":"atta45_taxonomy-tema-inspiration-branscher-sv","8":"atta45_taxonomy-fritid-sv","9":"atta45_taxonomy-fritid-kikare-sv","10":"atta45_taxonomy-fritid-overlevnadsprodukter-sv","11":"atta45_taxonomy-reflexer-verktyg-sakerhet-overlevnadsprodukter-sv","12":"atta45_taxonomy-tema-inspiration-branscher-rekreation-sv","13":"atta45_taxonomy-vaskor-resetillbehor-researtiklar-sv","14":"atta45_taxonomy-tema-inspiration-sasong-sv","15":"atta45_taxonomy-tema-inspiration-sv","16":"atta45_taxonomy-tema-inspiration-sasong-var-sv","17":"atta45_taxonomy-vaskor-resetillbehor-sv","19":"first","20":"instock","21":"taxable","22":"shipping-taxable","23":"purchasable","24":"product-type-variable"},"acf":[],"_links":{"self":[{"href":"https:\/\/www.atta45.se\/e-butik\/wp-json\/wp\/v2\/product\/35612","targetHints":{"allow":["GET"]}}],"collection":[{"href":"https:\/\/www.atta45.se\/e-butik\/wp-json\/wp\/v2\/product"}],"about":[{"href":"https:\/\/www.atta45.se\/e-butik\/wp-json\/wp\/v2\/types\/product"}],"wp:featuredmedia":[{"embeddable":true,"href":"https:\/\/www.atta45.se\/e-butik\/wp-json\/wp\/v2\/media\/35613"}],"wp:attachment":[{"href":"https:\/\/www.atta45.se\/e-butik\/wp-json\/wp\/v2\/media?parent=35612"}],"wp:term":[{"taxonomy":"product_brand","embeddable":true,"href":"https:\/\/www.atta45.se\/e-butik\/wp-json\/wp\/v2\/product_brand?post=35612"},{"taxonomy":"product_cat","embeddable":true,"href":"https:\/\/www.atta45.se\/e-butik\/wp-json\/wp\/v2\/product_cat?post=35612"},{"taxonomy":"product_tag","embeddable":true,"href":"https:\/\/www.atta45.se\/e-butik\/wp-json\/wp\/v2\/product_tag?post=35612"}],"curies":[{"name":"wp","href":"https:\/\/api.w.org\/{rel}","templated":true}]}}