{"id":35476,"date":"2024-12-26T17:42:36","date_gmt":"2024-12-26T16:42:36","guid":{"rendered":"https:\/\/www.atta45.se\/e-butik\/?post_type=product&#038;p=35476"},"modified":"2025-10-27T23:30:18","modified_gmt":"2025-10-27T22:30:18","slug":"reflexband-med-led-dioder","status":"publish","type":"product","link":"https:\/\/www.atta45.se\/e-butik\/produkt\/reflexband-med-led-dioder\/","title":{"rendered":"Reflexband, i nylon (500D), med LED-dioder, i PVC, Anni"},"content":{"rendered":"<p>Praktiskt reflexband  med inbyggda LED-dioder 4 st. Kardborrst\u00e4ngning och knapp f\u00f6r att sl\u00e5 p\u00e5\/av dioderna. Batterier ing\u00e5r.<\/p>\n","protected":false},"excerpt":{"rendered":"<p>Praktiskt reflexband med inbyggda LED-dioder 4 st. Kardborrst\u00e4ngning och knapp f\u00f6r att sl\u00e5 p\u00e5\/av dioderna. Batterier ing\u00e5r.<\/p>\n","protected":false},"featured_media":35477,"template":"","meta":{"_acf_changed":false,"_seopress_robots_primary_cat":"","_seopress_titles_title":"","_seopress_titles_desc":"","_seopress_robots_index":""},"product_brand":[],"product_cat":[15],"product_tag":[],"class_list":{"0":"post-35476","1":"product","2":"type-product","3":"status-publish","4":"has-post-thumbnail","6":"product_cat-okategoriserad","7":"atta45_taxonomy-reflexer-verktyg-sakerhet-cykeltillbehor-sv","8":"atta45_taxonomy-fritid-sv","9":"atta45_taxonomy-tema-inspiration-ogonblick-pa-vagen-sv","10":"atta45_taxonomy-fritid-sportartiklar-sv","11":"atta45_taxonomy-tema-inspiration-sv","13":"first","14":"instock","15":"taxable","16":"shipping-taxable","17":"purchasable","18":"product-type-variable"},"acf":[],"_links":{"self":[{"href":"https:\/\/www.atta45.se\/e-butik\/wp-json\/wp\/v2\/product\/35476","targetHints":{"allow":["GET"]}}],"collection":[{"href":"https:\/\/www.atta45.se\/e-butik\/wp-json\/wp\/v2\/product"}],"about":[{"href":"https:\/\/www.atta45.se\/e-butik\/wp-json\/wp\/v2\/types\/product"}],"wp:featuredmedia":[{"embeddable":true,"href":"https:\/\/www.atta45.se\/e-butik\/wp-json\/wp\/v2\/media\/35477"}],"wp:attachment":[{"href":"https:\/\/www.atta45.se\/e-butik\/wp-json\/wp\/v2\/media?parent=35476"}],"wp:term":[{"taxonomy":"product_brand","embeddable":true,"href":"https:\/\/www.atta45.se\/e-butik\/wp-json\/wp\/v2\/product_brand?post=35476"},{"taxonomy":"product_cat","embeddable":true,"href":"https:\/\/www.atta45.se\/e-butik\/wp-json\/wp\/v2\/product_cat?post=35476"},{"taxonomy":"product_tag","embeddable":true,"href":"https:\/\/www.atta45.se\/e-butik\/wp-json\/wp\/v2\/product_tag?post=35476"}],"curies":[{"name":"wp","href":"https:\/\/api.w.org\/{rel}","templated":true}]}}