{"id":35450,"date":"2024-12-26T17:42:22","date_gmt":"2024-12-26T16:42:22","guid":{"rendered":"https:\/\/www.atta45.se\/e-butik\/?post_type=product&#038;p=35450"},"modified":"2025-10-27T23:27:19","modified_gmt":"2025-10-27T22:27:19","slug":"picknick-korg-for-fyra","status":"publish","type":"product","link":"https:\/\/www.atta45.se\/e-butik\/produkt\/picknick-korg-for-fyra\/","title":{"rendered":"Picknick-korg, f\u00f6r fyra personer, Levin"},"content":{"rendered":"<p>Picknick korg av fl\u00e4tad piltr\u00e4 f\u00f6r fyra personer. Bestick av rostfritt st\u00e5l med plasthandtag, fyra keramiktallrikar och fyra keramikmuggar (0,21 ml).<\/p>\n","protected":false},"excerpt":{"rendered":"<p>Picknick korg av fl\u00e4tad piltr\u00e4 f\u00f6r fyra personer. Bestick av rostfritt st\u00e5l med plasthandtag, fyra keramiktallrikar och fyra keramikmuggar (0,21 ml).<\/p>\n","protected":false},"featured_media":35451,"template":"","meta":{"_acf_changed":false,"_seopress_robots_primary_cat":"","_seopress_titles_title":"","_seopress_titles_desc":"","_seopress_robots_index":""},"product_brand":[],"product_cat":[15],"product_tag":[],"class_list":{"0":"post-35450","1":"product","2":"type-product","3":"status-publish","4":"has-post-thumbnail","6":"product_cat-okategoriserad","7":"atta45_taxonomy-tema-inspiration-ogonblick-alla-hjartans-dag-sv","8":"atta45_taxonomy-tema-inspiration-ogonblick-arsslut-sv","9":"atta45_taxonomy-fritid-sv","10":"atta45_taxonomy-tema-inspiration-grona-intryck-sv","11":"atta45_taxonomy-tema-inspiration-sasong-host-sv","12":"atta45_taxonomy-tema-inspiration-ogonblick-sv","13":"atta45_taxonomy-fritid-picknickset-sv","14":"atta45_taxonomy-tema-inspiration-sasong-sv","15":"atta45_taxonomy-tema-inspiration-sasong-sommar-sv","16":"atta45_taxonomy-tema-inspiration-ogonblick-sommargladje-sv","17":"atta45_taxonomy-tema-inspiration-sv","18":"atta45_taxonomy-tema-inspiration-sasong-var-sv","20":"first","21":"instock","22":"taxable","23":"shipping-taxable","24":"purchasable","25":"product-type-variable"},"acf":[],"_links":{"self":[{"href":"https:\/\/www.atta45.se\/e-butik\/wp-json\/wp\/v2\/product\/35450","targetHints":{"allow":["GET"]}}],"collection":[{"href":"https:\/\/www.atta45.se\/e-butik\/wp-json\/wp\/v2\/product"}],"about":[{"href":"https:\/\/www.atta45.se\/e-butik\/wp-json\/wp\/v2\/types\/product"}],"wp:featuredmedia":[{"embeddable":true,"href":"https:\/\/www.atta45.se\/e-butik\/wp-json\/wp\/v2\/media\/35451"}],"wp:attachment":[{"href":"https:\/\/www.atta45.se\/e-butik\/wp-json\/wp\/v2\/media?parent=35450"}],"wp:term":[{"taxonomy":"product_brand","embeddable":true,"href":"https:\/\/www.atta45.se\/e-butik\/wp-json\/wp\/v2\/product_brand?post=35450"},{"taxonomy":"product_cat","embeddable":true,"href":"https:\/\/www.atta45.se\/e-butik\/wp-json\/wp\/v2\/product_cat?post=35450"},{"taxonomy":"product_tag","embeddable":true,"href":"https:\/\/www.atta45.se\/e-butik\/wp-json\/wp\/v2\/product_tag?post=35450"}],"curies":[{"name":"wp","href":"https:\/\/api.w.org\/{rel}","templated":true}]}}