{"id":35424,"date":"2024-12-26T17:42:10","date_gmt":"2024-12-26T16:42:10","guid":{"rendered":"https:\/\/www.atta45.se\/e-butik\/?post_type=product&#038;p=35424"},"modified":"2025-10-27T23:22:22","modified_gmt":"2025-10-27T22:22:22","slug":"grillset-3-delar","status":"publish","type":"product","link":"https:\/\/www.atta45.se\/e-butik\/produkt\/grillset-3-delar\/","title":{"rendered":"Grillset, i rostfritt st\u00e5l, Priscilla"},"content":{"rendered":"<p>Rostfritt set i tre delar med fodral av nylon. Praktisk att ta med d\u00e5 fodralet \u00e4r utrustat med dragkedja och kraftiga b\u00e4rremmar.<\/p>\n","protected":false},"excerpt":{"rendered":"<p>Rostfritt set i tre delar med fodral av nylon. Praktisk att ta med d\u00e5 fodralet \u00e4r utrustat med dragkedja och kraftiga b\u00e4rremmar.<\/p>\n","protected":false},"featured_media":35425,"template":"","meta":{"_acf_changed":false,"_seopress_robots_primary_cat":"","_seopress_titles_title":"","_seopress_titles_desc":"","_seopress_robots_index":""},"product_brand":[],"product_cat":[15],"product_tag":[],"class_list":{"0":"post-35424","1":"product","2":"type-product","3":"status-publish","4":"has-post-thumbnail","6":"product_cat-okategoriserad","7":"atta45_taxonomy-tema-inspiration-ogonblick-arsslut-sv","8":"atta45_taxonomy-fritid-sv","9":"atta45_taxonomy-fritid-grilltillbehor-sv","10":"atta45_taxonomy-hem-hushall-koksartiklar-sv","11":"atta45_taxonomy-tema-inspiration-sasong-sv","12":"atta45_taxonomy-tema-inspiration-sasong-sommar-sv","13":"atta45_taxonomy-tema-inspiration-ogonblick-sommargladje-sv","14":"atta45_taxonomy-tema-inspiration-sv","15":"atta45_taxonomy-tema-inspiration-sasong-var-sv","17":"first","18":"instock","19":"taxable","20":"shipping-taxable","21":"purchasable","22":"product-type-variable"},"acf":[],"_links":{"self":[{"href":"https:\/\/www.atta45.se\/e-butik\/wp-json\/wp\/v2\/product\/35424","targetHints":{"allow":["GET"]}}],"collection":[{"href":"https:\/\/www.atta45.se\/e-butik\/wp-json\/wp\/v2\/product"}],"about":[{"href":"https:\/\/www.atta45.se\/e-butik\/wp-json\/wp\/v2\/types\/product"}],"wp:featuredmedia":[{"embeddable":true,"href":"https:\/\/www.atta45.se\/e-butik\/wp-json\/wp\/v2\/media\/35425"}],"wp:attachment":[{"href":"https:\/\/www.atta45.se\/e-butik\/wp-json\/wp\/v2\/media?parent=35424"}],"wp:term":[{"taxonomy":"product_brand","embeddable":true,"href":"https:\/\/www.atta45.se\/e-butik\/wp-json\/wp\/v2\/product_brand?post=35424"},{"taxonomy":"product_cat","embeddable":true,"href":"https:\/\/www.atta45.se\/e-butik\/wp-json\/wp\/v2\/product_cat?post=35424"},{"taxonomy":"product_tag","embeddable":true,"href":"https:\/\/www.atta45.se\/e-butik\/wp-json\/wp\/v2\/product_tag?post=35424"}],"curies":[{"name":"wp","href":"https:\/\/api.w.org\/{rel}","templated":true}]}}