{"id":352651,"date":"2025-04-19T02:19:13","date_gmt":"2025-04-19T00:19:13","guid":{"rendered":"https:\/\/www.atta45.se\/e-butik\/produkt\/stream-bw-kids-kids-lightweight-padded-bodywarmer\/"},"modified":"2025-10-28T02:24:15","modified_gmt":"2025-10-28T01:24:15","slug":"stream-bw-kids-kids-lightweight-padded-bodywarmer","status":"publish","type":"product","link":"https:\/\/www.atta45.se\/e-butik\/produkt\/stream-bw-kids-kids-lightweight-padded-bodywarmer\/","title":{"rendered":"V\u00e4st &#8211; L\u00e4tt vadderad barnv\u00e4st Stream Bw Kids"},"content":{"rendered":"<p>KIDS&#8217; LIGHTWEIGHT PADDED BODYWARMER (STREAM BW KIDS)<\/p>\n<p>Outer fabric and lining: 100% recycled polyester<br \/>Padding: 100% polyester down<br \/>Front fastening and side pockets with tone-on-tone nylon zip<br \/>Tone-on-tone metal sliders with tone-on-tone taffeta zip pullers<br \/>High collar<br \/>Tone-on-tone elasticated bias binding at armholes and bottom<br \/>Storage bag<br \/>Taffeta 280T<br \/>Available in: 4 years &#8211; 14 years<\/p>\n","protected":false},"excerpt":{"rendered":"<p>KIDS&#8217; LIGHTWEIGHT PADDED BODYWARMER (STREAM BW KIDS) Outer fabric and lining: 100% recycled polyesterPadding: 100% polyester downFront fastening and side pockets with tone-on-tone nylon zipTone-on-tone metal sliders with tone-on-tone taffeta zip pullersHigh collarTone-on-tone elasticated bias binding at armholes and bottomStorage bagTaffeta 280TAvailable in: 4 years &#8211; 14 years<\/p>\n","protected":false},"featured_media":352652,"template":"","meta":{"_acf_changed":false,"_seopress_robots_primary_cat":"","_seopress_titles_title":"","_seopress_titles_desc":"","_seopress_robots_index":""},"product_brand":[],"product_cat":[15],"product_tag":[],"class_list":{"0":"post-352651","1":"product","2":"type-product","3":"status-publish","4":"has-post-thumbnail","6":"product_cat-okategoriserad","7":"atta45_taxonomy-textil-jackor-sv","9":"first","10":"instock","11":"taxable","12":"shipping-taxable","13":"purchasable","14":"product-type-variable"},"acf":[],"_links":{"self":[{"href":"https:\/\/www.atta45.se\/e-butik\/wp-json\/wp\/v2\/product\/352651","targetHints":{"allow":["GET"]}}],"collection":[{"href":"https:\/\/www.atta45.se\/e-butik\/wp-json\/wp\/v2\/product"}],"about":[{"href":"https:\/\/www.atta45.se\/e-butik\/wp-json\/wp\/v2\/types\/product"}],"wp:featuredmedia":[{"embeddable":true,"href":"https:\/\/www.atta45.se\/e-butik\/wp-json\/wp\/v2\/media\/352652"}],"wp:attachment":[{"href":"https:\/\/www.atta45.se\/e-butik\/wp-json\/wp\/v2\/media?parent=352651"}],"wp:term":[{"taxonomy":"product_brand","embeddable":true,"href":"https:\/\/www.atta45.se\/e-butik\/wp-json\/wp\/v2\/product_brand?post=352651"},{"taxonomy":"product_cat","embeddable":true,"href":"https:\/\/www.atta45.se\/e-butik\/wp-json\/wp\/v2\/product_cat?post=352651"},{"taxonomy":"product_tag","embeddable":true,"href":"https:\/\/www.atta45.se\/e-butik\/wp-json\/wp\/v2\/product_tag?post=352651"}],"curies":[{"name":"wp","href":"https:\/\/api.w.org\/{rel}","templated":true}]}}