{"id":35240,"date":"2024-12-26T17:40:54","date_gmt":"2024-12-26T16:40:54","guid":{"rendered":"https:\/\/www.atta45.se\/e-butik\/?post_type=product&#038;p=35240"},"modified":"2025-10-27T22:45:58","modified_gmt":"2025-10-27T21:45:58","slug":"kikare-8-x-21","status":"publish","type":"product","link":"https:\/\/www.atta45.se\/e-butik\/produkt\/kikare-8-x-21\/","title":{"rendered":"Kikare i aluminium, Tobey"},"content":{"rendered":"<p>En mycket anv\u00e4ndbar kikare, 8 x 21 lins, svart konstl\u00e4derfodral medf\u00f6ljer. Tillverkad av svartlackad aluminium med gummi\u00f6verdrag p\u00e5 &#8217;tuberna&#8217;.<\/p>\n","protected":false},"excerpt":{"rendered":"<p>En mycket anv\u00e4ndbar kikare, 8 x 21 lins, svart konstl\u00e4derfodral medf\u00f6ljer. Tillverkad av svartlackad aluminium med gummi\u00f6verdrag p\u00e5 &#8217;tuberna&#8217;.<\/p>\n","protected":false},"featured_media":35241,"template":"","meta":{"_acf_changed":false,"_seopress_robots_primary_cat":"","_seopress_titles_title":"","_seopress_titles_desc":"","_seopress_robots_index":""},"product_brand":[],"product_cat":[15],"product_tag":[],"class_list":{"0":"post-35240","1":"product","2":"type-product","3":"status-publish","4":"has-post-thumbnail","6":"product_cat-okategoriserad","7":"atta45_taxonomy-tema-inspiration-branscher-sv","8":"atta45_taxonomy-tema-inspiration-ogonblick-en-gron-planet-sv","9":"atta45_taxonomy-fritid-sv","10":"atta45_taxonomy-fritid-kikare-sv","11":"atta45_taxonomy-fritid-overlevnadsprodukter-sv","12":"atta45_taxonomy-reflexer-verktyg-sakerhet-overlevnadsprodukter-sv","13":"atta45_taxonomy-tema-inspiration-branscher-rekreation-sv","14":"atta45_taxonomy-vaskor-resetillbehor-researtiklar-sv","15":"atta45_taxonomy-tema-inspiration-sasong-sv","16":"atta45_taxonomy-tema-inspiration-sv","17":"atta45_taxonomy-tema-inspiration-sasong-var-sv","18":"atta45_taxonomy-vaskor-resetillbehor-sv","20":"first","21":"instock","22":"taxable","23":"shipping-taxable","24":"purchasable","25":"product-type-variable"},"acf":[],"_links":{"self":[{"href":"https:\/\/www.atta45.se\/e-butik\/wp-json\/wp\/v2\/product\/35240","targetHints":{"allow":["GET"]}}],"collection":[{"href":"https:\/\/www.atta45.se\/e-butik\/wp-json\/wp\/v2\/product"}],"about":[{"href":"https:\/\/www.atta45.se\/e-butik\/wp-json\/wp\/v2\/types\/product"}],"wp:featuredmedia":[{"embeddable":true,"href":"https:\/\/www.atta45.se\/e-butik\/wp-json\/wp\/v2\/media\/35241"}],"wp:attachment":[{"href":"https:\/\/www.atta45.se\/e-butik\/wp-json\/wp\/v2\/media?parent=35240"}],"wp:term":[{"taxonomy":"product_brand","embeddable":true,"href":"https:\/\/www.atta45.se\/e-butik\/wp-json\/wp\/v2\/product_brand?post=35240"},{"taxonomy":"product_cat","embeddable":true,"href":"https:\/\/www.atta45.se\/e-butik\/wp-json\/wp\/v2\/product_cat?post=35240"},{"taxonomy":"product_tag","embeddable":true,"href":"https:\/\/www.atta45.se\/e-butik\/wp-json\/wp\/v2\/product_tag?post=35240"}],"curies":[{"name":"wp","href":"https:\/\/api.w.org\/{rel}","templated":true}]}}