{"id":35208,"date":"2024-12-26T17:40:41","date_gmt":"2024-12-26T16:40:41","guid":{"rendered":"https:\/\/www.atta45.se\/e-butik\/?post_type=product&#038;p=35208"},"modified":"2025-10-27T22:43:34","modified_gmt":"2025-10-27T21:43:34","slug":"hopvikbar-frisbee","status":"publish","type":"product","link":"https:\/\/www.atta45.se\/e-butik\/produkt\/hopvikbar-frisbee\/","title":{"rendered":"Frisbee, hopvikbar, nylon (170T), Iva"},"content":{"rendered":"<p>Hopf\u00e4llbar frisbee av nylon (170T). F\u00f6rpackad i p\u00e5se. Uppf\u00e4lld s\u00e5 \u00e4r den 25 cm i diameter. Perfekt att ha med sig p\u00e5 stranden eller utflykten. F\u00f6rvaringsp\u00e5sen \u00e4r ej tryckbar.<\/p>\n","protected":false},"excerpt":{"rendered":"<p>Hopf\u00e4llbar frisbee av nylon (170T). F\u00f6rpackad i p\u00e5se. Uppf\u00e4lld s\u00e5 \u00e4r den 25 cm i diameter. Perfekt att ha med sig p\u00e5 stranden eller utflykten. F\u00f6rvaringsp\u00e5sen \u00e4r ej tryckbar.<\/p>\n","protected":false},"featured_media":35209,"template":"","meta":{"_acf_changed":false,"_seopress_robots_primary_cat":"","_seopress_titles_title":"","_seopress_titles_desc":"","_seopress_robots_index":""},"product_brand":[],"product_cat":[15],"product_tag":[],"class_list":{"0":"post-35208","1":"product","2":"type-product","3":"status-publish","4":"has-post-thumbnail","6":"product_cat-okategoriserad","7":"atta45_taxonomy-tema-inspiration-branscher-sv","8":"atta45_taxonomy-fritid-sv","9":"atta45_taxonomy-tema-inspiration-branscher-rekreation-sv","10":"atta45_taxonomy-tema-inspiration-sasong-sv","11":"atta45_taxonomy-tema-inspiration-sasong-sommar-sv","12":"atta45_taxonomy-tema-inspiration-ogonblick-sommargladje-sv","13":"atta45_taxonomy-fritid-spel-leksaker-sv","14":"atta45_taxonomy-tema-inspiration-sv","15":"atta45_taxonomy-fritid-spel-leksaker-uppblasbart-strandartiklar-sv","16":"atta45_taxonomy-fritid-uppblasbart-strandartiklar-sv","18":"first","19":"instock","20":"taxable","21":"shipping-taxable","22":"purchasable","23":"product-type-variable"},"acf":[],"_links":{"self":[{"href":"https:\/\/www.atta45.se\/e-butik\/wp-json\/wp\/v2\/product\/35208","targetHints":{"allow":["GET"]}}],"collection":[{"href":"https:\/\/www.atta45.se\/e-butik\/wp-json\/wp\/v2\/product"}],"about":[{"href":"https:\/\/www.atta45.se\/e-butik\/wp-json\/wp\/v2\/types\/product"}],"wp:featuredmedia":[{"embeddable":true,"href":"https:\/\/www.atta45.se\/e-butik\/wp-json\/wp\/v2\/media\/35209"}],"wp:attachment":[{"href":"https:\/\/www.atta45.se\/e-butik\/wp-json\/wp\/v2\/media?parent=35208"}],"wp:term":[{"taxonomy":"product_brand","embeddable":true,"href":"https:\/\/www.atta45.se\/e-butik\/wp-json\/wp\/v2\/product_brand?post=35208"},{"taxonomy":"product_cat","embeddable":true,"href":"https:\/\/www.atta45.se\/e-butik\/wp-json\/wp\/v2\/product_cat?post=35208"},{"taxonomy":"product_tag","embeddable":true,"href":"https:\/\/www.atta45.se\/e-butik\/wp-json\/wp\/v2\/product_tag?post=35208"}],"curies":[{"name":"wp","href":"https:\/\/api.w.org\/{rel}","templated":true}]}}